{"id":665,"date":"2022-08-18T17:51:47","date_gmt":"2022-08-18T15:51:47","guid":{"rendered":"https:\/\/akaisenshi.ch\/?page_id=665"},"modified":"2022-10-10T17:01:33","modified_gmt":"2022-10-10T15:01:33","slug":"domande-e-risposte-shiba-inu","status":"publish","type":"page","link":"https:\/\/allevamentodellaregina.it\/fr\/domande-e-risposte-shiba-inu\/","title":{"rendered":"Questions et r\u00e9ponses sur le Shiba Inu"},"content":{"rendered":"<div    class=\"clear\" style=' text-align:left;'><div class=\"full_section_inner clearfix\"><div class=\"wpb_column vc_column_container vc_col-sm-12\"><div class=\"vc_column-inner\"><div class=\"wpb_wrapper\"><div class=\"vc_empty_space\"   style=\"height: 50px\"><span class=\"vc_empty_space_inner\"><\/span><\/div><\/div><\/div><\/div><\/div><\/div><div    class=\"clear\" style=' text-align:left;'><div class=\"full_section_inner clearfix\"><div class=\"wpb_column vc_column_container vc_col-sm-2\"><div class=\"vc_column-inner\"><div class=\"wpb_wrapper\"><\/div><\/div><\/div><div class=\"wpb_column vc_column_container vc_col-sm-8\"><div class=\"vc_column-inner\"><div class=\"wpb_wrapper\"><div class=\"vc_tta-container\" data-vc-action=\"collapse\"><div class=\"vc_general vc_tta vc_tta-accordion vc_tta-color-grey vc_tta-style-classic vc_tta-shape-rounded vc_tta-o-shape-group vc_tta-controls-align-left\"><div class=\"vc_tta-panels-container\"><div class=\"vc_tta-panels\"><div class=\"vc_tta-panel vc_active\" id=\"1660834086042-342047d1-8b93\" data-vc-content=\".vc_tta-panel-body\"><div class=\"vc_tta-panel-heading\"><h4 class=\"vc_tta-panel-title vc_tta-controls-icon-position-left\"><a href=\"#1660834086042-342047d1-8b93\" data-vc-accordion data-vc-container=\".vc_tta-container\"><span class=\"vc_tta-title-text\">Quelles sont les diff\u00e9rences entre homme et femme ?<\/span><i class=\"vc_tta-controls-icon vc_tta-controls-icon-plus\"><\/i><\/a><\/h4><\/div><div class=\"vc_tta-panel-body\">\n\t<div class=\"wpb_text_column wpb_content_element\" >\n\t\t<div class=\"wpb_wrapper\">\n\t\t\t<p>La diff\u00e9rence de caract\u00e8re ne se situe absolument pas entre homme et femme, mais chaque sujet doit \u00eatre \u00e9valu\u00e9 individuellement. On peut trouver des m\u00e2les c\u00e2lins et des femelles moins sociables, tout r\u00e9side dans l'\u00e9ducation de socialisation que l'on donnera dans la 1\u00e8re ann\u00e9e de vie du chiot.<\/p>\n\n\t\t<\/div>\n\t<\/div>\n<\/div><\/div><div class=\"vc_tta-panel\" id=\"1660834086054-4ae6f562-fd96\" data-vc-content=\".vc_tta-panel-body\"><div class=\"vc_tta-panel-heading\"><h4 class=\"vc_tta-panel-title vc_tta-controls-icon-position-left\"><a href=\"#1660834086054-4ae6f562-fd96\" data-vc-accordion data-vc-container=\".vc_tta-container\"><span class=\"vc_tta-title-text\">\u00c0 quelle fr\u00e9quence puis-je baigner mon chien ?<\/span><i class=\"vc_tta-controls-icon vc_tta-controls-icon-plus\"><\/i><\/a><\/h4><\/div><div class=\"vc_tta-panel-body\">\n\t<div class=\"wpb_text_column wpb_content_element\" >\n\t\t<div class=\"wpb_wrapper\">\n\t\t\t<p>3\/4 fois par an suffiront. La particularit\u00e9 du Shiba est d'\u00eatre l'un des chiens les plus propres.<\/p>\n\n\t\t<\/div>\n\t<\/div>\n<\/div><\/div><div class=\"vc_tta-panel\" id=\"1660834456599-73317737-a087\" data-vc-content=\".vc_tta-panel-body\"><div class=\"vc_tta-panel-heading\"><h4 class=\"vc_tta-panel-title vc_tta-controls-icon-position-left\"><a href=\"#1660834456599-73317737-a087\" data-vc-accordion data-vc-container=\".vc_tta-container\"><span class=\"vc_tta-title-text\">\u00c0 quelle fr\u00e9quence mange-t-il ?<\/span><i class=\"vc_tta-controls-icon vc_tta-controls-icon-plus\"><\/i><\/a><\/h4><\/div><div class=\"vc_tta-panel-body\">\n\t<div class=\"wpb_text_column wpb_content_element\" >\n\t\t<div class=\"wpb_wrapper\">\n\t\t\t<p>Un chiot de 2 mois mange 3 fois par jour. On passe \u00e0 2 repas par jour apr\u00e8s 6\/8 mois de vie.<\/p>\n\n\t\t<\/div>\n\t<\/div>\n<\/div><\/div><div class=\"vc_tta-panel\" id=\"1660834522319-6c9f27c5-67bd\" data-vc-content=\".vc_tta-panel-body\"><div class=\"vc_tta-panel-heading\"><h4 class=\"vc_tta-panel-title vc_tta-controls-icon-position-left\"><a href=\"#1660834522319-6c9f27c5-67bd\" data-vc-accordion data-vc-container=\".vc_tta-container\"><span class=\"vc_tta-title-text\">Quels sont ses besoins ?<\/span><i class=\"vc_tta-controls-icon vc_tta-controls-icon-plus\"><\/i><\/a><\/h4><\/div><div class=\"vc_tta-panel-body\">\n\t<div class=\"wpb_text_column wpb_content_element\" >\n\t\t<div class=\"wpb_wrapper\">\n\t\t\t<p>Le Shiba a besoin de se sentir partie int\u00e9grante de la famille. C'est un chien qui s'adapte aussi bien au jardin qu'en appartement, mais qui a quand m\u00eame besoin de son chef de meute.<\/p>\n\n\t\t<\/div>\n\t<\/div>\n<\/div><\/div><div class=\"vc_tta-panel\" id=\"1660834629115-61f0f699-6b91\" data-vc-content=\".vc_tta-panel-body\"><div class=\"vc_tta-panel-heading\"><h4 class=\"vc_tta-panel-title vc_tta-controls-icon-position-left\"><a href=\"#1660834629115-61f0f699-6b91\" data-vc-accordion data-vc-container=\".vc_tta-container\"><span class=\"vc_tta-title-text\">Peut-il rester seul \u00e0 la maison pendant que je suis au travail ?<\/span><i class=\"vc_tta-controls-icon vc_tta-controls-icon-plus\"><\/i><\/a><\/h4><\/div><div class=\"vc_tta-panel-body\">\n\t<div class=\"wpb_text_column wpb_content_element\" >\n\t\t<div class=\"wpb_wrapper\">\n\t\t\t<p>Un Shiba n'aura aucun probl\u00e8me \u00e0 attendre chez lui l'arriv\u00e9e de sa famille bien-aim\u00e9e s'il sait qu'\u00e0 leur retour, ils lui accorderont toute l'attention n\u00e9cessaire, beaucoup de c\u00e2lins et une belle promenade.<\/p>\n\n\t\t<\/div>\n\t<\/div>\n<\/div><\/div><div class=\"vc_tta-panel\" id=\"1660834708487-01f02998-6139\" data-vc-content=\".vc_tta-panel-body\"><div class=\"vc_tta-panel-heading\"><h4 class=\"vc_tta-panel-title vc_tta-controls-icon-position-left\"><a href=\"#1660834708487-01f02998-6139\" data-vc-accordion data-vc-container=\".vc_tta-container\"><span class=\"vc_tta-title-text\">Combien de temps a cette race ?<\/span><i class=\"vc_tta-controls-icon vc_tta-controls-icon-plus\"><\/i><\/a><\/h4><\/div><div class=\"vc_tta-panel-body\">\n\t<div class=\"wpb_text_column wpb_content_element\" >\n\t\t<div class=\"wpb_wrapper\">\n\t\t\t<p>La dur\u00e9e de vie moyenne est de 12\/15 ans, avec quelques exceptions de 18\/19 ans.<\/p>\n\n\t\t<\/div>\n\t<\/div>\n<\/div><\/div><div class=\"vc_tta-panel\" id=\"1660834766799-c8bf15e4-b965\" data-vc-content=\".vc_tta-panel-body\"><div class=\"vc_tta-panel-heading\"><h4 class=\"vc_tta-panel-title vc_tta-controls-icon-position-left\"><a href=\"#1660834766799-c8bf15e4-b965\" data-vc-accordion data-vc-container=\".vc_tta-container\"><span class=\"vc_tta-title-text\">Est-ce un chien adapt\u00e9 aux enfants ?<\/span><i class=\"vc_tta-controls-icon vc_tta-controls-icon-plus\"><\/i><\/a><\/h4><\/div><div class=\"vc_tta-panel-body\">\n\t<div class=\"wpb_text_column wpb_content_element\" >\n\t\t<div class=\"wpb_wrapper\">\n\t\t\t<p>Il n'est pas incompatible avec les enfants et peut \u00eatre un fabuleux compagnon de jeu, mais il a d\u00fb \u00eatre habitu\u00e9 au contact des petits d\u00e8s son plus jeune \u00e2ge.<\/p>\n\n\t\t<\/div>\n\t<\/div>\n<\/div><\/div><div class=\"vc_tta-panel\" id=\"1660834904696-66f2d0dd-41f3\" data-vc-content=\".vc_tta-panel-body\"><div class=\"vc_tta-panel-heading\"><h4 class=\"vc_tta-panel-title vc_tta-controls-icon-position-left\"><a href=\"#1660834904696-66f2d0dd-41f3\" data-vc-accordion data-vc-container=\".vc_tta-container\"><span class=\"vc_tta-title-text\">Est-ce une race adapt\u00e9e \u00e0 la marche en montagne ?<\/span><i class=\"vc_tta-controls-icon vc_tta-controls-icon-plus\"><\/i><\/a><\/h4><\/div><div class=\"vc_tta-panel-body\">\n\t<div class=\"wpb_text_column wpb_content_element\" >\n\t\t<div class=\"wpb_wrapper\">\n\t\t\t<p>Oui, c'est un chien tr\u00e8s fort et r\u00e9sistant, sensible \u00e0 la chaleur et aime donc la fra\u00eecheur de la montagne. Attention toutefois \u00e0 ne pas laisser votre chiot marcher sur des chemins escarp\u00e9s ou glissants ; vous devez faire tr\u00e8s attention \u00e0 la croissance rapide des os et des cartilages.<\/p>\n\n\t\t<\/div>\n\t<\/div>\n<\/div><\/div><div class=\"vc_tta-panel\" id=\"1660834996275-054f599a-e67f\" data-vc-content=\".vc_tta-panel-body\"><div class=\"vc_tta-panel-heading\"><h4 class=\"vc_tta-panel-title vc_tta-controls-icon-position-left\"><a href=\"#1660834996275-054f599a-e67f\" data-vc-accordion data-vc-container=\".vc_tta-container\"><span class=\"vc_tta-title-text\">Que puis-je faire pour emp\u00eacher le chiot de mordre tout ce qu'il trouve ?<\/span><i class=\"vc_tta-controls-icon vc_tta-controls-icon-plus\"><\/i><\/a><\/h4><\/div><div class=\"vc_tta-panel-body\">\n\t<div class=\"wpb_text_column wpb_content_element\" >\n\t\t<div class=\"wpb_wrapper\">\n\t\t\t<p>Les dents de lait du chiot sont remplac\u00e9es par les dents permanentes vers le quatri\u00e8me mois de vie : c'est pour cette raison que le chiot a tendance \u00e0 mordre tout ce qu'il trouve pour soulager un peu l'inconfort provoqu\u00e9 par la pouss\u00e9e dentaire. Nous ne recommandons jamais d'acheter des jouets en plastique \u00e0 m\u00e2cher, car si le chiot avalait par inadvertance des petits morceaux, cela serait tr\u00e8s dangereux, il en va de m\u00eame pour les os... nous fournissons aux chiots du vieux pain tr\u00e8s dur : celui-ci a la bonne consistance pour \u00eatre grignot\u00e9. et en plus, son go\u00fbt est plus tentant que n'importe quel meuble de la maison !<\/p>\n\n\t\t<\/div>\n\t<\/div>\n<\/div><\/div><div class=\"vc_tta-panel\" id=\"1660835193453-a0cbbf24-9804\" data-vc-content=\".vc_tta-panel-body\"><div class=\"vc_tta-panel-heading\"><h4 class=\"vc_tta-panel-title vc_tta-controls-icon-position-left\"><a href=\"#1660835193453-a0cbbf24-9804\" data-vc-accordion data-vc-container=\".vc_tta-container\"><span class=\"vc_tta-title-text\">Pleurez-vous pendant les premi\u00e8res nuits \u00e0 la maison ?<\/span><i class=\"vc_tta-controls-icon vc_tta-controls-icon-plus\"><\/i><\/a><\/h4><\/div><div class=\"vc_tta-panel-body\">\n\t<div class=\"wpb_text_column wpb_content_element\" >\n\t\t<div class=\"wpb_wrapper\">\n\t\t\t<p>Ce n'est pas si \u00e9vident. Compar\u00e9 \u00e0 d'autres races, le Shiba est d\u00e9j\u00e0 tr\u00e8s ind\u00e9pendant \u00e0 2 mois et n'a aucune difficult\u00e9 \u00e0 s'habituer au nouveau foyer et aux nouveaux propri\u00e9taires.<\/p>\n\n\t\t<\/div>\n\t<\/div>\n<\/div><\/div><div class=\"vc_tta-panel\" id=\"1660835314452-b4e4b523-9799\" data-vc-content=\".vc_tta-panel-body\"><div class=\"vc_tta-panel-heading\"><h4 class=\"vc_tta-panel-title vc_tta-controls-icon-position-left\"><a href=\"#1660835314452-b4e4b523-9799\" data-vc-accordion data-vc-container=\".vc_tta-container\"><span class=\"vc_tta-title-text\">Combien de temps dois-je attendre pour le promener ?<\/span><i class=\"vc_tta-controls-icon vc_tta-controls-icon-plus\"><\/i><\/a><\/h4><\/div><div class=\"vc_tta-panel-body\">\n\t<div class=\"wpb_text_column wpb_content_element\" >\n\t\t<div class=\"wpb_wrapper\">\n\t\t\t<p>D\u00e9sormais, si possible, \u00e9vitez les zones r\u00e9serv\u00e9es aux chiens (ou en tout cas les zones o\u00f9 il y a beaucoup de circulation canine) jusqu'\u00e0 ce que vous ayez re\u00e7u votre rappel de vaccination du troisi\u00e8me mois.<\/p>\n\n\t\t<\/div>\n\t<\/div>\n<\/div><\/div><div class=\"vc_tta-panel\" id=\"1660835414025-54735c5e-6d1f\" data-vc-content=\".vc_tta-panel-body\"><div class=\"vc_tta-panel-heading\"><h4 class=\"vc_tta-panel-title vc_tta-controls-icon-position-left\"><a href=\"#1660835414025-54735c5e-6d1f\" data-vc-accordion data-vc-container=\".vc_tta-container\"><span class=\"vc_tta-title-text\">Un cours d\u2019\u00e9ducation de base est-il conseill\u00e9 ?<\/span><i class=\"vc_tta-controls-icon vc_tta-controls-icon-plus\"><\/i><\/a><\/h4><\/div><div class=\"vc_tta-panel-body\">\n\t<div class=\"wpb_text_column wpb_content_element\" >\n\t\t<div class=\"wpb_wrapper\">\n\t\t\t<p>Oui, nous le recommandons \u00e0 tous nos clients. L'\u00e9ducation est une base fondamentale pour profiter pleinement de notre chien dans tout type de situation.<\/p>\n\n\t\t<\/div>\n\t<\/div>\n<\/div><\/div><\/div><\/div><\/div><\/div><\/div><\/div><\/div><div class=\"wpb_column vc_column_container vc_col-sm-2\"><div class=\"vc_column-inner\"><div class=\"wpb_wrapper\"><\/div><\/div><\/div><\/div><\/div><div    class=\"clear\" style=' text-align:left;'><div class=\"full_section_inner clearfix\"><div class=\"wpb_column vc_column_container vc_col-sm-12\"><div class=\"vc_column-inner\"><div class=\"wpb_wrapper\"><div class=\"vc_empty_space\"   style=\"height: 50px\"><span class=\"vc_empty_space_inner\"><\/span><\/div><\/div><\/div><\/div><\/div><\/div>","protected":false},"excerpt":{"rendered":"Che differenze ci sono tra maschio e femmina? La differenza caratteriale non sta assolutamente tra maschio e femmina, ma va","protected":false},"author":1,"featured_media":783,"parent":0,"menu_order":0,"comment_status":"closed","ping_status":"closed","template":"","meta":{"footnotes":""},"yoast_head":"<!-- This site is optimized with the Yoast SEO plugin v23.9 - https:\/\/yoast.com\/wordpress\/plugins\/seo\/ -->\n<title>Domande e risposte Shiba Inu | Akai Senshi<\/title>\n<meta name=\"description\" content=\"Leggi le nostre risposte alle domande pi\u00f9 frequenti sugli Shiba Inu, scopri tutte le caratteristiche di questa meravigliosa razza!\" \/>\n<meta name=\"robots\" content=\"index, follow, max-snippet:-1, max-image-preview:large, max-video-preview:-1\" \/>\n<link rel=\"canonical\" href=\"https:\/\/allevamentodellaregina.it\/fr\/domande-e-risposte-shiba-inu\/\" \/>\n<meta property=\"og:locale\" content=\"fr_FR\" \/>\n<meta property=\"og:type\" content=\"article\" \/>\n<meta property=\"og:title\" content=\"Domande e risposte Shiba Inu | Akai Senshi\" \/>\n<meta property=\"og:description\" content=\"Leggi le nostre risposte alle domande pi\u00f9 frequenti sugli Shiba Inu, scopri tutte le caratteristiche di questa meravigliosa razza!\" \/>\n<meta property=\"og:url\" content=\"https:\/\/allevamentodellaregina.it\/fr\/domande-e-risposte-shiba-inu\/\" \/>\n<meta property=\"og:site_name\" content=\"Allevamento Della Regina Golden Retriever Americano &amp; Shiba Inu\" \/>\n<meta property=\"article:publisher\" content=\"https:\/\/www.facebook.com\/profile.php?id=100063862758647\" \/>\n<meta property=\"article:modified_time\" content=\"2022-10-10T15:01:33+00:00\" \/>\n<meta property=\"og:image\" content=\"https:\/\/allevamentodellaregina.it\/wp-content\/uploads\/2022\/10\/shiba-inu-akai-senshi.jpg\" \/>\n\t<meta property=\"og:image:width\" content=\"1800\" \/>\n\t<meta property=\"og:image:height\" content=\"800\" \/>\n\t<meta property=\"og:image:type\" content=\"image\/jpeg\" \/>\n<meta name=\"twitter:card\" content=\"summary_large_image\" \/>\n<meta name=\"twitter:label1\" content=\"Dur\u00e9e de lecture estim\u00e9e\" \/>\n\t<meta name=\"twitter:data1\" content=\"3 minutes\" \/>\n<script type=\"application\/ld+json\" class=\"yoast-schema-graph\">{\"@context\":\"https:\/\/schema.org\",\"@graph\":[{\"@type\":\"WebPage\",\"@id\":\"https:\/\/allevamentodellaregina.it\/domande-e-risposte-shiba-inu\/\",\"url\":\"https:\/\/allevamentodellaregina.it\/domande-e-risposte-shiba-inu\/\",\"name\":\"Domande e risposte Shiba Inu | Akai Senshi\",\"isPartOf\":{\"@id\":\"https:\/\/allevamentodellaregina.it\/#website\"},\"primaryImageOfPage\":{\"@id\":\"https:\/\/allevamentodellaregina.it\/domande-e-risposte-shiba-inu\/#primaryimage\"},\"image\":{\"@id\":\"https:\/\/allevamentodellaregina.it\/domande-e-risposte-shiba-inu\/#primaryimage\"},\"thumbnailUrl\":\"https:\/\/allevamentodellaregina.it\/wp-content\/uploads\/2022\/10\/shiba-inu-akai-senshi.jpg\",\"datePublished\":\"2022-08-18T15:51:47+00:00\",\"dateModified\":\"2022-10-10T15:01:33+00:00\",\"description\":\"Leggi le nostre risposte alle domande pi\u00f9 frequenti sugli Shiba Inu, scopri tutte le caratteristiche di questa meravigliosa razza!\",\"breadcrumb\":{\"@id\":\"https:\/\/allevamentodellaregina.it\/domande-e-risposte-shiba-inu\/#breadcrumb\"},\"inLanguage\":\"fr-FR\",\"potentialAction\":[{\"@type\":\"ReadAction\",\"target\":[\"https:\/\/allevamentodellaregina.it\/domande-e-risposte-shiba-inu\/\"]}]},{\"@type\":\"ImageObject\",\"inLanguage\":\"fr-FR\",\"@id\":\"https:\/\/allevamentodellaregina.it\/domande-e-risposte-shiba-inu\/#primaryimage\",\"url\":\"https:\/\/allevamentodellaregina.it\/wp-content\/uploads\/2022\/10\/shiba-inu-akai-senshi.jpg\",\"contentUrl\":\"https:\/\/allevamentodellaregina.it\/wp-content\/uploads\/2022\/10\/shiba-inu-akai-senshi.jpg\",\"width\":1800,\"height\":800},{\"@type\":\"BreadcrumbList\",\"@id\":\"https:\/\/allevamentodellaregina.it\/domande-e-risposte-shiba-inu\/#breadcrumb\",\"itemListElement\":[{\"@type\":\"ListItem\",\"position\":1,\"name\":\"Home\",\"item\":\"https:\/\/allevamentodellaregina.it\/\"},{\"@type\":\"ListItem\",\"position\":2,\"name\":\"Domande e risposte Shiba Inu\"}]},{\"@type\":\"WebSite\",\"@id\":\"https:\/\/allevamentodellaregina.it\/#website\",\"url\":\"https:\/\/allevamentodellaregina.it\/\",\"name\":\"Allevamento Della Regina Golden Retriever Americano &amp; Shiba Inu\",\"description\":\"Allevamento Golden Retriever Americano &amp; Shiba Inu\",\"publisher\":{\"@id\":\"https:\/\/allevamentodellaregina.it\/#organization\"},\"potentialAction\":[{\"@type\":\"SearchAction\",\"target\":{\"@type\":\"EntryPoint\",\"urlTemplate\":\"https:\/\/allevamentodellaregina.it\/?s={search_term_string}\"},\"query-input\":{\"@type\":\"PropertyValueSpecification\",\"valueRequired\":true,\"valueName\":\"search_term_string\"}}],\"inLanguage\":\"fr-FR\"},{\"@type\":\"Organization\",\"@id\":\"https:\/\/allevamentodellaregina.it\/#organization\",\"name\":\"Allevamento Della Regina\",\"alternateName\":\"Allevamento Della Regina\",\"url\":\"https:\/\/allevamentodellaregina.it\/\",\"logo\":{\"@type\":\"ImageObject\",\"inLanguage\":\"fr-FR\",\"@id\":\"https:\/\/allevamentodellaregina.it\/#\/schema\/logo\/image\/\",\"url\":\"https:\/\/allevamentodellaregina.it\/wp-content\/uploads\/2022\/08\/akai-senshi-allevamento-shiba-inu-golden-retriever-italia.png\",\"contentUrl\":\"https:\/\/allevamentodellaregina.it\/wp-content\/uploads\/2022\/08\/akai-senshi-allevamento-shiba-inu-golden-retriever-italia.png\",\"width\":1114,\"height\":201,\"caption\":\"Allevamento Della Regina\"},\"image\":{\"@id\":\"https:\/\/allevamentodellaregina.it\/#\/schema\/logo\/image\/\"},\"sameAs\":[\"https:\/\/www.facebook.com\/profile.php?id=100063862758647\",\"https:\/\/www.instagram.com\/american_golden_shiba_inu\/\",\"https:\/\/www.tiktok.com\/@akaisenshigoldenshiba\"]}]}<\/script>\n<!-- \/ Yoast SEO plugin. -->","yoast_head_json":{"title":"Domande e risposte Shiba Inu | Akai Senshi","description":"Leggi le nostre risposte alle domande pi\u00f9 frequenti sugli Shiba Inu, scopri tutte le caratteristiche di questa meravigliosa razza!","robots":{"index":"index","follow":"follow","max-snippet":"max-snippet:-1","max-image-preview":"max-image-preview:large","max-video-preview":"max-video-preview:-1"},"canonical":"https:\/\/allevamentodellaregina.it\/fr\/domande-e-risposte-shiba-inu\/","og_locale":"fr_FR","og_type":"article","og_title":"Domande e risposte Shiba Inu | Akai Senshi","og_description":"Leggi le nostre risposte alle domande pi\u00f9 frequenti sugli Shiba Inu, scopri tutte le caratteristiche di questa meravigliosa razza!","og_url":"https:\/\/allevamentodellaregina.it\/fr\/domande-e-risposte-shiba-inu\/","og_site_name":"Allevamento Della Regina Golden Retriever Americano &amp; Shiba Inu","article_publisher":"https:\/\/www.facebook.com\/profile.php?id=100063862758647","article_modified_time":"2022-10-10T15:01:33+00:00","og_image":[{"width":1800,"height":800,"url":"https:\/\/allevamentodellaregina.it\/wp-content\/uploads\/2022\/10\/shiba-inu-akai-senshi.jpg","type":"image\/jpeg"}],"twitter_card":"summary_large_image","twitter_misc":{"Dur\u00e9e de lecture estim\u00e9e":"3 minutes"},"schema":{"@context":"https:\/\/schema.org","@graph":[{"@type":"WebPage","@id":"https:\/\/allevamentodellaregina.it\/domande-e-risposte-shiba-inu\/","url":"https:\/\/allevamentodellaregina.it\/domande-e-risposte-shiba-inu\/","name":"Domande e risposte Shiba Inu | Akai Senshi","isPartOf":{"@id":"https:\/\/allevamentodellaregina.it\/#website"},"primaryImageOfPage":{"@id":"https:\/\/allevamentodellaregina.it\/domande-e-risposte-shiba-inu\/#primaryimage"},"image":{"@id":"https:\/\/allevamentodellaregina.it\/domande-e-risposte-shiba-inu\/#primaryimage"},"thumbnailUrl":"https:\/\/allevamentodellaregina.it\/wp-content\/uploads\/2022\/10\/shiba-inu-akai-senshi.jpg","datePublished":"2022-08-18T15:51:47+00:00","dateModified":"2022-10-10T15:01:33+00:00","description":"Leggi le nostre risposte alle domande pi\u00f9 frequenti sugli Shiba Inu, scopri tutte le caratteristiche di questa meravigliosa razza!","breadcrumb":{"@id":"https:\/\/allevamentodellaregina.it\/domande-e-risposte-shiba-inu\/#breadcrumb"},"inLanguage":"fr-FR","potentialAction":[{"@type":"ReadAction","target":["https:\/\/allevamentodellaregina.it\/domande-e-risposte-shiba-inu\/"]}]},{"@type":"ImageObject","inLanguage":"fr-FR","@id":"https:\/\/allevamentodellaregina.it\/domande-e-risposte-shiba-inu\/#primaryimage","url":"https:\/\/allevamentodellaregina.it\/wp-content\/uploads\/2022\/10\/shiba-inu-akai-senshi.jpg","contentUrl":"https:\/\/allevamentodellaregina.it\/wp-content\/uploads\/2022\/10\/shiba-inu-akai-senshi.jpg","width":1800,"height":800},{"@type":"BreadcrumbList","@id":"https:\/\/allevamentodellaregina.it\/domande-e-risposte-shiba-inu\/#breadcrumb","itemListElement":[{"@type":"ListItem","position":1,"name":"Home","item":"https:\/\/allevamentodellaregina.it\/"},{"@type":"ListItem","position":2,"name":"Domande e risposte Shiba Inu"}]},{"@type":"WebSite","@id":"https:\/\/allevamentodellaregina.it\/#website","url":"https:\/\/allevamentodellaregina.it\/","name":"Allevamento Della Regina Golden Retriever Americano &amp; Shiba Inu","description":"Allevamento Golden Retriever Americano &amp; Shiba Inu","publisher":{"@id":"https:\/\/allevamentodellaregina.it\/#organization"},"potentialAction":[{"@type":"SearchAction","target":{"@type":"EntryPoint","urlTemplate":"https:\/\/allevamentodellaregina.it\/?s={search_term_string}"},"query-input":{"@type":"PropertyValueSpecification","valueRequired":true,"valueName":"search_term_string"}}],"inLanguage":"fr-FR"},{"@type":"Organization","@id":"https:\/\/allevamentodellaregina.it\/#organization","name":"Allevamento Della Regina","alternateName":"Allevamento Della Regina","url":"https:\/\/allevamentodellaregina.it\/","logo":{"@type":"ImageObject","inLanguage":"fr-FR","@id":"https:\/\/allevamentodellaregina.it\/#\/schema\/logo\/image\/","url":"https:\/\/allevamentodellaregina.it\/wp-content\/uploads\/2022\/08\/akai-senshi-allevamento-shiba-inu-golden-retriever-italia.png","contentUrl":"https:\/\/allevamentodellaregina.it\/wp-content\/uploads\/2022\/08\/akai-senshi-allevamento-shiba-inu-golden-retriever-italia.png","width":1114,"height":201,"caption":"Allevamento Della Regina"},"image":{"@id":"https:\/\/allevamentodellaregina.it\/#\/schema\/logo\/image\/"},"sameAs":["https:\/\/www.facebook.com\/profile.php?id=100063862758647","https:\/\/www.instagram.com\/american_golden_shiba_inu\/","https:\/\/www.tiktok.com\/@akaisenshigoldenshiba"]}]}},"_links":{"self":[{"href":"https:\/\/allevamentodellaregina.it\/fr\/wp-json\/wp\/v2\/pages\/665"}],"collection":[{"href":"https:\/\/allevamentodellaregina.it\/fr\/wp-json\/wp\/v2\/pages"}],"about":[{"href":"https:\/\/allevamentodellaregina.it\/fr\/wp-json\/wp\/v2\/types\/page"}],"author":[{"embeddable":true,"href":"https:\/\/allevamentodellaregina.it\/fr\/wp-json\/wp\/v2\/users\/1"}],"replies":[{"embeddable":true,"href":"https:\/\/allevamentodellaregina.it\/fr\/wp-json\/wp\/v2\/comments?post=665"}],"version-history":[{"count":0,"href":"https:\/\/allevamentodellaregina.it\/fr\/wp-json\/wp\/v2\/pages\/665\/revisions"}],"wp:featuredmedia":[{"embeddable":true,"href":"https:\/\/allevamentodellaregina.it\/fr\/wp-json\/wp\/v2\/media\/783"}],"wp:attachment":[{"href":"https:\/\/allevamentodellaregina.it\/fr\/wp-json\/wp\/v2\/media?parent=665"}],"curies":[{"name":"wp","href":"https:\/\/api.w.org\/{rel}","templated":true}]}}