{"id":643,"date":"2022-08-18T15:56:36","date_gmt":"2022-08-18T13:56:36","guid":{"rendered":"https:\/\/akaisenshi.ch\/?page_id=643"},"modified":"2022-10-10T16:53:26","modified_gmt":"2022-10-10T14:53:26","slug":"standard-shiba-inu","status":"publish","type":"page","link":"https:\/\/allevamentodellaregina.it\/fr\/standard-shiba-inu\/","title":{"rendered":"Standard Shiba Inu"},"content":{"rendered":"<div class=\"clear full-width-section    woof-icon-row flaticon-animal-prints\" ><div class=\"block-wrapper\" style=' padding-top:80px; padding-bottom:80px;'><div class=\"section-wrapper container\"><div class=\"sec-bg-fancy\"><div class=\"row-layout  row\"><div class=\"wpb_column vc_column_container vc_col-sm-12\"><div class=\"vc_column-inner\"><div class=\"wpb_wrapper\"><div class=\"vc_row wpb_row vc_inner vc_row-fluid\"><div class=\"wpb_column vc_column_container vc_col-sm-12\"><div class=\"vc_column-inner\"><div class=\"wpb_wrapper\"><div class=\"sec-text  custom pl-0\"><div class=\"section-content\" style=\"\"><h3 style=\"\">Param\u00e8tres standards<\/h3><p>\n<ul>\n<li dir=\"ltr\"><strong>HAUTEUR<\/strong><br \/>\nm\u00e2les 39,5 cm au garrot \u2013 femelles 36,5 cm au garrot (avec une tol\u00e9rance de 1,5 cm plus ou moins).<\/li>\n<li dir=\"ltr\"><strong>TRONC<\/strong><br \/>\nle garrot est haut et le dos est droit et court. Le rein est gros et muscl\u00e9. La poitrine est profonde, les c\u00f4tes moyennement saillantes et le ventre bien d\u00e9couvert.<\/li>\n<li dir=\"ltr\"><strong>T\u00caTE ET MUSEAU<\/strong><br \/>\nle front est large, les joues bien d\u00e9velopp\u00e9es et le stop assez raide avec un l\u00e9ger sillon. L'ar\u00eate nasale est droite ; la couleur chair est autoris\u00e9e lorsque le pelage est blanc. Le museau est de volume mod\u00e9r\u00e9, pas trop long et pointu. Les l\u00e8vres sont tendues.<\/li>\n<li dir=\"ltr\"><strong>TRUFFE<\/strong><br \/>\nc'est noir; la couleur chair est autoris\u00e9e lorsque le pelage est blanc.<\/li>\n<li dir=\"ltr\"><strong>DENTS<\/strong><br \/>\nsolide, avec fermeture \u00e0 ciseaux.<\/li>\n<li dir=\"ltr\"><strong>COU<\/strong><br \/>\ngrand et muscl\u00e9.<\/li>\n<li dir=\"ltr\"><strong>OREILLES<\/strong><br \/>\npetit, triangulaire, solidement droit et l\u00e9g\u00e8rement inclin\u00e9 vers l'avant.<\/li>\n<li dir=\"ltr\"><strong>YEUX<\/strong><br \/>\nrelativement petites, l\u00e9g\u00e8rement triangulaires, bien s\u00e9par\u00e9es et de couleur brun fonc\u00e9.<\/li>\n<li dir=\"ltr\"><strong>JAMBES<\/strong><br \/>\ncoudes tr\u00e8s pr\u00e8s du tronc, avant-bras droits. Les cuisses sont longues et les jambes courtes, bien d\u00e9velopp\u00e9es. Les jarrets doivent \u00eatre solides et r\u00e9sistants. Les pieds ont des orteils bien cambr\u00e9s et bien ferm\u00e9s. Les plantes sont solides et \u00e9lastiques. Les ongles sont durs et, de pr\u00e9f\u00e9rence, de couleur plus fonc\u00e9e.<\/li>\n<li dir=\"ltr\"><strong>\u00c9PAULE<\/strong><br \/>\nmod\u00e9r\u00e9ment oblique, bien d\u00e9velopp\u00e9.<\/li>\n<li dir=\"ltr\"><strong>D\u00c9MARCHE<\/strong><br \/>\nl\u00e9ger, rapide et vif.<\/li>\n<li dir=\"ltr\"><strong>MUSCLE<\/strong><br \/>\nde bon d\u00e9veloppement.<\/li>\n<li dir=\"ltr\"><strong>QUEUE<\/strong><br \/>\nattach\u00e9es haut, grandes et port\u00e9es sous le dos, fortement enroul\u00e9es ou en forme de faucille. La pointe atteint presque le jarret lorsqu'elle est abaiss\u00e9e.<\/li>\n<li dir=\"ltr\"><strong>PEAU<\/strong><br \/>\nassez \u00e9lastique.<\/li>\n<li dir=\"ltr\"><strong>FOURRURE<\/strong><br \/>\nsous-poil rugueux et droit, doux et dense. Les poils de la queue sont l\u00e9g\u00e8rement plus longs.<\/li>\n<li dir=\"ltr\"><strong>COULEURS AUTORIS\u00c9ES<\/strong><br \/>\nRouge (qui est la couleur la plus courante), noir &amp; feu et s\u00e9same, tous deux dans les variantes rouge et noire. D\u00e9finition s\u00e9same : m\u00e9lange de poils blancs et noirs sur un pelage roux. L'intensit\u00e9 plus ou moins grande du noir d\u00e9finit le s\u00e9same comme rouge ou noir.<\/li>\n<li dir=\"ltr\"><strong>LES D\u00c9FAUTS LES PLUS R\u00c9CURRENTS<\/strong><br \/>\nbouche inf\u00e9rieure accentu\u00e9e, bouche sup\u00e9rieure, sujet craintif, monorchidie, cryptorchidie, oreilles non dress\u00e9es, queue tombante et courte, couleur de la truffe ne correspondant pas \u00e0 la robe, yeux clairs, d\u00e9marche incorrecte, arri\u00e8re-train d\u00e9fectueux, poil trop long<\/li>\n<\/ul>\n<\/p><\/div><\/div><\/div><\/div><\/div><\/div><\/div><\/div><\/div><\/div><\/div><\/div><\/div><\/div>","protected":false},"excerpt":{"rendered":"Parametri standard ALTEZZA maschi 39,5 cm al garrese - femmine 36,5 cm al garrese (con una tolleranza di 1,5 cm","protected":false},"author":1,"featured_media":783,"parent":0,"menu_order":0,"comment_status":"closed","ping_status":"closed","template":"","meta":{"footnotes":""},"yoast_head":"<!-- This site is optimized with the Yoast SEO plugin v23.9 - https:\/\/yoast.com\/wordpress\/plugins\/seo\/ -->\n<title>Standard Shiba Inu | Akai Senshi<\/title>\n<meta name=\"description\" content=\"Visita il nostro sito per scoprire tutti i dettagli dello Standard della razza Shiba Inu. Contattaci per prenotare il tuo cucciolo!\" \/>\n<meta name=\"robots\" content=\"index, follow, max-snippet:-1, max-image-preview:large, max-video-preview:-1\" \/>\n<link rel=\"canonical\" href=\"https:\/\/allevamentodellaregina.it\/fr\/standard-shiba-inu\/\" \/>\n<meta property=\"og:locale\" content=\"fr_FR\" \/>\n<meta property=\"og:type\" content=\"article\" \/>\n<meta property=\"og:title\" content=\"Standard Shiba Inu | Akai Senshi\" \/>\n<meta property=\"og:description\" content=\"Visita il nostro sito per scoprire tutti i dettagli dello Standard della razza Shiba Inu. Contattaci per prenotare il tuo cucciolo!\" \/>\n<meta property=\"og:url\" content=\"https:\/\/allevamentodellaregina.it\/fr\/standard-shiba-inu\/\" \/>\n<meta property=\"og:site_name\" content=\"Allevamento Della Regina Golden Retriever Americano &amp; Shiba Inu\" \/>\n<meta property=\"article:publisher\" content=\"https:\/\/www.facebook.com\/profile.php?id=100063862758647\" \/>\n<meta property=\"article:modified_time\" content=\"2022-10-10T14:53:26+00:00\" \/>\n<meta property=\"og:image\" content=\"https:\/\/allevamentodellaregina.it\/wp-content\/uploads\/2022\/10\/shiba-inu-akai-senshi.jpg\" \/>\n\t<meta property=\"og:image:width\" content=\"1800\" \/>\n\t<meta property=\"og:image:height\" content=\"800\" \/>\n\t<meta property=\"og:image:type\" content=\"image\/jpeg\" \/>\n<meta name=\"twitter:card\" content=\"summary_large_image\" \/>\n<meta name=\"twitter:label1\" content=\"Dur\u00e9e de lecture estim\u00e9e\" \/>\n\t<meta name=\"twitter:data1\" content=\"2 minutes\" \/>\n<script type=\"application\/ld+json\" class=\"yoast-schema-graph\">{\"@context\":\"https:\/\/schema.org\",\"@graph\":[{\"@type\":\"WebPage\",\"@id\":\"https:\/\/allevamentodellaregina.it\/standard-shiba-inu\/\",\"url\":\"https:\/\/allevamentodellaregina.it\/standard-shiba-inu\/\",\"name\":\"Standard Shiba Inu | Akai Senshi\",\"isPartOf\":{\"@id\":\"https:\/\/allevamentodellaregina.it\/#website\"},\"primaryImageOfPage\":{\"@id\":\"https:\/\/allevamentodellaregina.it\/standard-shiba-inu\/#primaryimage\"},\"image\":{\"@id\":\"https:\/\/allevamentodellaregina.it\/standard-shiba-inu\/#primaryimage\"},\"thumbnailUrl\":\"https:\/\/allevamentodellaregina.it\/wp-content\/uploads\/2022\/10\/shiba-inu-akai-senshi.jpg\",\"datePublished\":\"2022-08-18T13:56:36+00:00\",\"dateModified\":\"2022-10-10T14:53:26+00:00\",\"description\":\"Visita il nostro sito per scoprire tutti i dettagli dello Standard della razza Shiba Inu. Contattaci per prenotare il tuo cucciolo!\",\"breadcrumb\":{\"@id\":\"https:\/\/allevamentodellaregina.it\/standard-shiba-inu\/#breadcrumb\"},\"inLanguage\":\"fr-FR\",\"potentialAction\":[{\"@type\":\"ReadAction\",\"target\":[\"https:\/\/allevamentodellaregina.it\/standard-shiba-inu\/\"]}]},{\"@type\":\"ImageObject\",\"inLanguage\":\"fr-FR\",\"@id\":\"https:\/\/allevamentodellaregina.it\/standard-shiba-inu\/#primaryimage\",\"url\":\"https:\/\/allevamentodellaregina.it\/wp-content\/uploads\/2022\/10\/shiba-inu-akai-senshi.jpg\",\"contentUrl\":\"https:\/\/allevamentodellaregina.it\/wp-content\/uploads\/2022\/10\/shiba-inu-akai-senshi.jpg\",\"width\":1800,\"height\":800},{\"@type\":\"BreadcrumbList\",\"@id\":\"https:\/\/allevamentodellaregina.it\/standard-shiba-inu\/#breadcrumb\",\"itemListElement\":[{\"@type\":\"ListItem\",\"position\":1,\"name\":\"Home\",\"item\":\"https:\/\/allevamentodellaregina.it\/\"},{\"@type\":\"ListItem\",\"position\":2,\"name\":\"Standard Shiba Inu\"}]},{\"@type\":\"WebSite\",\"@id\":\"https:\/\/allevamentodellaregina.it\/#website\",\"url\":\"https:\/\/allevamentodellaregina.it\/\",\"name\":\"Allevamento Della Regina Golden Retriever Americano &amp; Shiba Inu\",\"description\":\"Allevamento Golden Retriever Americano &amp; Shiba Inu\",\"publisher\":{\"@id\":\"https:\/\/allevamentodellaregina.it\/#organization\"},\"potentialAction\":[{\"@type\":\"SearchAction\",\"target\":{\"@type\":\"EntryPoint\",\"urlTemplate\":\"https:\/\/allevamentodellaregina.it\/?s={search_term_string}\"},\"query-input\":{\"@type\":\"PropertyValueSpecification\",\"valueRequired\":true,\"valueName\":\"search_term_string\"}}],\"inLanguage\":\"fr-FR\"},{\"@type\":\"Organization\",\"@id\":\"https:\/\/allevamentodellaregina.it\/#organization\",\"name\":\"Allevamento Della Regina\",\"alternateName\":\"Allevamento Della Regina\",\"url\":\"https:\/\/allevamentodellaregina.it\/\",\"logo\":{\"@type\":\"ImageObject\",\"inLanguage\":\"fr-FR\",\"@id\":\"https:\/\/allevamentodellaregina.it\/#\/schema\/logo\/image\/\",\"url\":\"https:\/\/allevamentodellaregina.it\/wp-content\/uploads\/2022\/08\/akai-senshi-allevamento-shiba-inu-golden-retriever-italia.png\",\"contentUrl\":\"https:\/\/allevamentodellaregina.it\/wp-content\/uploads\/2022\/08\/akai-senshi-allevamento-shiba-inu-golden-retriever-italia.png\",\"width\":1114,\"height\":201,\"caption\":\"Allevamento Della Regina\"},\"image\":{\"@id\":\"https:\/\/allevamentodellaregina.it\/#\/schema\/logo\/image\/\"},\"sameAs\":[\"https:\/\/www.facebook.com\/profile.php?id=100063862758647\",\"https:\/\/www.instagram.com\/american_golden_shiba_inu\/\",\"https:\/\/www.tiktok.com\/@akaisenshigoldenshiba\"]}]}<\/script>\n<!-- \/ Yoast SEO plugin. -->","yoast_head_json":{"title":"Standard Shiba Inu | Akai Senshi","description":"Visita il nostro sito per scoprire tutti i dettagli dello Standard della razza Shiba Inu. Contattaci per prenotare il tuo cucciolo!","robots":{"index":"index","follow":"follow","max-snippet":"max-snippet:-1","max-image-preview":"max-image-preview:large","max-video-preview":"max-video-preview:-1"},"canonical":"https:\/\/allevamentodellaregina.it\/fr\/standard-shiba-inu\/","og_locale":"fr_FR","og_type":"article","og_title":"Standard Shiba Inu | Akai Senshi","og_description":"Visita il nostro sito per scoprire tutti i dettagli dello Standard della razza Shiba Inu. Contattaci per prenotare il tuo cucciolo!","og_url":"https:\/\/allevamentodellaregina.it\/fr\/standard-shiba-inu\/","og_site_name":"Allevamento Della Regina Golden Retriever Americano &amp; Shiba Inu","article_publisher":"https:\/\/www.facebook.com\/profile.php?id=100063862758647","article_modified_time":"2022-10-10T14:53:26+00:00","og_image":[{"width":1800,"height":800,"url":"https:\/\/allevamentodellaregina.it\/wp-content\/uploads\/2022\/10\/shiba-inu-akai-senshi.jpg","type":"image\/jpeg"}],"twitter_card":"summary_large_image","twitter_misc":{"Dur\u00e9e de lecture estim\u00e9e":"2 minutes"},"schema":{"@context":"https:\/\/schema.org","@graph":[{"@type":"WebPage","@id":"https:\/\/allevamentodellaregina.it\/standard-shiba-inu\/","url":"https:\/\/allevamentodellaregina.it\/standard-shiba-inu\/","name":"Standard Shiba Inu | Akai Senshi","isPartOf":{"@id":"https:\/\/allevamentodellaregina.it\/#website"},"primaryImageOfPage":{"@id":"https:\/\/allevamentodellaregina.it\/standard-shiba-inu\/#primaryimage"},"image":{"@id":"https:\/\/allevamentodellaregina.it\/standard-shiba-inu\/#primaryimage"},"thumbnailUrl":"https:\/\/allevamentodellaregina.it\/wp-content\/uploads\/2022\/10\/shiba-inu-akai-senshi.jpg","datePublished":"2022-08-18T13:56:36+00:00","dateModified":"2022-10-10T14:53:26+00:00","description":"Visita il nostro sito per scoprire tutti i dettagli dello Standard della razza Shiba Inu. Contattaci per prenotare il tuo cucciolo!","breadcrumb":{"@id":"https:\/\/allevamentodellaregina.it\/standard-shiba-inu\/#breadcrumb"},"inLanguage":"fr-FR","potentialAction":[{"@type":"ReadAction","target":["https:\/\/allevamentodellaregina.it\/standard-shiba-inu\/"]}]},{"@type":"ImageObject","inLanguage":"fr-FR","@id":"https:\/\/allevamentodellaregina.it\/standard-shiba-inu\/#primaryimage","url":"https:\/\/allevamentodellaregina.it\/wp-content\/uploads\/2022\/10\/shiba-inu-akai-senshi.jpg","contentUrl":"https:\/\/allevamentodellaregina.it\/wp-content\/uploads\/2022\/10\/shiba-inu-akai-senshi.jpg","width":1800,"height":800},{"@type":"BreadcrumbList","@id":"https:\/\/allevamentodellaregina.it\/standard-shiba-inu\/#breadcrumb","itemListElement":[{"@type":"ListItem","position":1,"name":"Home","item":"https:\/\/allevamentodellaregina.it\/"},{"@type":"ListItem","position":2,"name":"Standard Shiba Inu"}]},{"@type":"WebSite","@id":"https:\/\/allevamentodellaregina.it\/#website","url":"https:\/\/allevamentodellaregina.it\/","name":"Allevamento Della Regina Golden Retriever Americano &amp; Shiba Inu","description":"Allevamento Golden Retriever Americano &amp; Shiba Inu","publisher":{"@id":"https:\/\/allevamentodellaregina.it\/#organization"},"potentialAction":[{"@type":"SearchAction","target":{"@type":"EntryPoint","urlTemplate":"https:\/\/allevamentodellaregina.it\/?s={search_term_string}"},"query-input":{"@type":"PropertyValueSpecification","valueRequired":true,"valueName":"search_term_string"}}],"inLanguage":"fr-FR"},{"@type":"Organization","@id":"https:\/\/allevamentodellaregina.it\/#organization","name":"Allevamento Della Regina","alternateName":"Allevamento Della Regina","url":"https:\/\/allevamentodellaregina.it\/","logo":{"@type":"ImageObject","inLanguage":"fr-FR","@id":"https:\/\/allevamentodellaregina.it\/#\/schema\/logo\/image\/","url":"https:\/\/allevamentodellaregina.it\/wp-content\/uploads\/2022\/08\/akai-senshi-allevamento-shiba-inu-golden-retriever-italia.png","contentUrl":"https:\/\/allevamentodellaregina.it\/wp-content\/uploads\/2022\/08\/akai-senshi-allevamento-shiba-inu-golden-retriever-italia.png","width":1114,"height":201,"caption":"Allevamento Della Regina"},"image":{"@id":"https:\/\/allevamentodellaregina.it\/#\/schema\/logo\/image\/"},"sameAs":["https:\/\/www.facebook.com\/profile.php?id=100063862758647","https:\/\/www.instagram.com\/american_golden_shiba_inu\/","https:\/\/www.tiktok.com\/@akaisenshigoldenshiba"]}]}},"_links":{"self":[{"href":"https:\/\/allevamentodellaregina.it\/fr\/wp-json\/wp\/v2\/pages\/643"}],"collection":[{"href":"https:\/\/allevamentodellaregina.it\/fr\/wp-json\/wp\/v2\/pages"}],"about":[{"href":"https:\/\/allevamentodellaregina.it\/fr\/wp-json\/wp\/v2\/types\/page"}],"author":[{"embeddable":true,"href":"https:\/\/allevamentodellaregina.it\/fr\/wp-json\/wp\/v2\/users\/1"}],"replies":[{"embeddable":true,"href":"https:\/\/allevamentodellaregina.it\/fr\/wp-json\/wp\/v2\/comments?post=643"}],"version-history":[{"count":0,"href":"https:\/\/allevamentodellaregina.it\/fr\/wp-json\/wp\/v2\/pages\/643\/revisions"}],"wp:featuredmedia":[{"embeddable":true,"href":"https:\/\/allevamentodellaregina.it\/fr\/wp-json\/wp\/v2\/media\/783"}],"wp:attachment":[{"href":"https:\/\/allevamentodellaregina.it\/fr\/wp-json\/wp\/v2\/media?parent=643"}],"curies":[{"name":"wp","href":"https:\/\/api.w.org\/{rel}","templated":true}]}}