{"id":640,"date":"2022-08-18T15:53:23","date_gmt":"2022-08-18T13:53:23","guid":{"rendered":"https:\/\/akaisenshi.ch\/?page_id=640"},"modified":"2024-05-19T22:41:21","modified_gmt":"2024-05-19T20:41:21","slug":"standard-golden-retriever-americano","status":"publish","type":"page","link":"https:\/\/allevamentodellaregina.it\/fr\/standard-golden-retriever-americano\/","title":{"rendered":"Golden Retriever am\u00e9ricain standard"},"content":{"rendered":"<div class=\"clear full-width-section    woof-icon-row flaticon-animal-prints\" ><div class=\"block-wrapper\" style=' padding-top:80px; padding-bottom:80px;'><div class=\"section-wrapper container\"><div class=\"sec-bg-fancy\"><div class=\"row-layout  row\"><div class=\"wpb_column vc_column_container vc_col-sm-12\"><div class=\"vc_column-inner\"><div class=\"wpb_wrapper\"><div class=\"vc_row wpb_row vc_inner vc_row-fluid\"><div class=\"wpb_column vc_column_container vc_col-sm-12\"><div class=\"vc_column-inner\"><div class=\"wpb_wrapper\"><div class=\"sec-text  custom pl-0\"><div class=\"section-content\" style=\"\"><h3 style=\"\">La norme AKC<\/h3><p>\n<ul>\n<li dir=\"ltr\"><strong>Apparence g\u00e9n\u00e9rale<\/strong><br \/>\nBien proportionn\u00e9, plein de force, attentif, solide et correct, ni haut ni bas de membres avec une expression amicale et un caract\u00e8re disponible, attentif et confiant, avant tout un chien de chasse, r\u00e9sistant au travail, il doit \u00eatre \u00e9valu\u00e9 avant tout en l'harmonie de son ensemble et de son mouvement plut\u00f4t que dans des r\u00e9gions anatomiques individuelles. <span class=\"il\">standard<\/span>\u00a0Tout \u00e9cart par rapport \u00e0 la norme doit \u00eatre consid\u00e9r\u00e9 comme un d\u00e9faut dans la mesure o\u00f9 il peut affecter ses fonctionnalit\u00e9s physiques et caract\u00e9rielles.<\/li>\n<li dir=\"ltr\"><strong>Hauteur<\/strong><br \/>\nm\u00e2les = 58 \u2013 61 cm au garrot, femelles = 53 \u2013 58 cm au garrot. Les sujets jusqu'\u00e0 environ 2 cm de plus ou de moins que ces mesures doivent \u00eatre p\u00e9nalis\u00e9s proportionnellement. Les personnes qui d\u00e9passent cette limite sont passibles de disqualification.<\/li>\n<li dir=\"ltr\"><strong>Proportions<\/strong><br \/>\nLa longueur du tronc, mesur\u00e9e depuis la pointe ant\u00e9rieure du sternum jusqu'\u00e0 celle de la fesse, doit \u00eatre environ 12\/11 de la hauteur du garrot.<\/li>\n<li dir=\"ltr\"><strong>Poids<\/strong><br \/>\nm\u00e2les : 28 \u2013 32 kg, femelles 24 \u2013 28 kg<\/li>\n<li dir=\"ltr\"><strong>T\u00eate<\/strong><br \/>\nCr\u00e2ne large et lat\u00e9ralement arrondi, sans bosses frontales excessives, ni occiput trop prononc\u00e9. Stop bien marqu\u00e9 mais pas excessif.<\/li>\n<li dir=\"ltr\"><strong>Museli\u00e8re pour chien<\/strong><br \/>\nLarge et profond, l\u00e9g\u00e8rement plus court que le cr\u00e2ne, ar\u00eate nasale droite qui se raccorde harmonieusement au cr\u00e2ne, vu de profil et de dessus, l\u00e9g\u00e8rement plus large et plus profonde \u00e0 la base qu'\u00e0 l'extr\u00e9mit\u00e9, bien ajust\u00e9e. L'enl\u00e8vement de la moustache est tol\u00e9r\u00e9 mais pas souhait\u00e9.<\/li>\n<li dir=\"ltr\"><strong>Yeux<\/strong><br \/>\nExpression amicale et intelligente, de taille moyenne avec des paupi\u00e8res fonc\u00e9es, bien ajust\u00e9es, bien espac\u00e9es et non saillantes. La couleur souhaitable est le brun fonc\u00e9. Les teintes plus claires sont tol\u00e9r\u00e9es.<\/li>\n<li dir=\"ltr\"><strong>D\u00e9fauts<\/strong><br \/>\nYeux trop rapproch\u00e9s ou excessivement inclin\u00e9s. Lorsque le chien regarde droit devant lui, ni le blanc ni la partie interne du bord de la paupi\u00e8re ne doivent \u00eatre visibles. Les sujets pr\u00e9sentant des alt\u00e9rations fonctionnelles de l'\u0153il telles que trichiose, ectropion ou entropion ne sont pas admis.<\/li>\n<li dir=\"ltr\"><strong>Oreilles<\/strong><br \/>\nPas trop long, fix\u00e9 assez haut et tombant pr\u00e8s des joues. Si vous tirez vers l\u2019avant, leur pointe ne doit pas couvrir l\u2019\u0153il. Une configuration trop basse comme celle d'un chien d'arr\u00eat est consid\u00e9r\u00e9e comme une faute.<\/li>\n<li dir=\"ltr\"><strong>Truffe<\/strong><br \/>\nNoir ou brun noir. Cependant, une l\u00e9g\u00e8re teinte claire qui appara\u00eet habituellement pendant les mois d\u2019hiver ne peut \u00eatre p\u00e9nalis\u00e9e. Toutefois, les truffes roses ou manquant de pigmentation doivent \u00eatre p\u00e9nalis\u00e9es.<\/li>\n<li dir=\"ltr\"><strong>Dents<\/strong><br \/>\nArticul\u00e9 en ciseaux, c'est-\u00e0-dire que la face externe des incisives inf\u00e9rieures doit correspondre \u00e0 la face interne des incisives sup\u00e9rieures. Le d\u00e9passement et le d\u00e9passement inf\u00e9rieur de la bouche sont des causes de disqualification. L'\u00e9pistognathisme (alignement irr\u00e9gulier des incisives) et l'occlusion en pince (les cuspides des incisives sup\u00e9rieures et inf\u00e9rieures se touchent) sont ind\u00e9sirables mais ne doivent pas \u00eatre confondus avec des d\u00e9fauts surexpos\u00e9s. Les dents doivent \u00eatre compl\u00e8tes : tout manque dentaire doit \u00eatre consid\u00e9r\u00e9 comme un d\u00e9faut grave.<\/li>\n<li dir=\"ltr\"><strong>Cou<\/strong><br \/>\nDe longueur moyenne qui na\u00eet harmonieusement d'une \u00e9paule bien inclin\u00e9e, donnant une impression de force et de vigueur. Le fanon n\u2019est pas d\u00e9sir\u00e9.<\/li>\n<li dir=\"ltr\"><strong>Ligne sup\u00e9rieure<\/strong><br \/>\nLe profil sup\u00e9rieur sans couture descend doucement du garrot jusqu'\u00e0 la croupe sans donner une impression de rigidit\u00e9 ou de douceur. La cyphose, l'affaissement, la croupe plate ou fuyante doivent \u00eatre p\u00e9nalis\u00e9s.<\/li>\n<li dir=\"ltr\"><strong>Malle pour chien<\/strong><br \/>\nHarmonieux, recueilli, avec une poitrine profonde. Sur le devant, entre les deux coudes, la distance d'au moins un poing doit \u00eatre comprise dans sa largeur.<\/li>\n<li dir=\"ltr\"><strong>Poitrine<\/strong><br \/>\nBien d\u00e9velopp\u00e9, poitrine descendue jusqu'au coude<\/li>\n<li dir=\"ltr\"><strong>C\u00f4tes<\/strong><br \/>\nOblique, pas en forme de tonneau<\/li>\n<li dir=\"ltr\"><strong>Rein<\/strong><br \/>\nCourt, large, muscl\u00e9, profond et l\u00e9g\u00e8rement convexe\u00a0; Les diam\u00e8tres insuffisants, la poitrine peu d\u00e9velopp\u00e9e, peu profonde et peu profonde, sont \u00e0 p\u00e9naliser.<\/li>\n<li dir=\"ltr\"><strong>Tail<\/strong><br \/>\nBien attach\u00e9e, forte et muscl\u00e9e \u00e0 la base, qui \u00e9pouse le profil de la croupe. Sa longueur ne doit pas d\u00e9passer le jarret. Il se porte (en excitation) au niveau du profil dorsal ou d\u00e9crit une l\u00e9g\u00e8re courbe ascendante, jamais enroul\u00e9e vers le haut ou vers le bas.<\/li>\n<li dir=\"ltr\"><strong>Membres ant\u00e9rieurs<\/strong><br \/>\nMuscl\u00e9, proportionn\u00e9 aux post\u00e9rieurs et capable de libre mouvement.<\/li>\n<li dir=\"ltr\"><strong>\u00c9paule<\/strong><br \/>\nLong et bien inclin\u00e9, dont l'extr\u00e9mit\u00e9 sup\u00e9rieure se situe approximativement au niveau du garrot.<\/li>\n<li dir=\"ltr\"><strong>Hom\u00e8re<\/strong><br \/>\n\u00e0 peu pr\u00e8s aussi long que l'\u00e9paule.<\/li>\n<li dir=\"ltr\"><strong>Coudes<\/strong><br \/>\nalign\u00e9 avec la pointe de l'\u00e9paule, solide et bien ajust\u00e9.<\/li>\n<li dir=\"ltr\"><strong>Avant bras<\/strong><br \/>\nvu de face, il doit \u00eatre perpendiculaire au sol, robuste mais non spongieux.<\/li>\n<li dir=\"ltr\"><strong>Pastorale<\/strong><br \/>\ncourt, solide, l\u00e9g\u00e8rement \u00e9tir\u00e9 vers l'avant. Les ergots ant\u00e9rieurs peuvent \u00eatre amput\u00e9s mais sont g\u00e9n\u00e9ralement laiss\u00e9s en place.<\/li>\n<li dir=\"ltr\"><strong>Pieds<\/strong><br \/>\nde taille moyenne, rondes, compactes, aux doigts bien ferm\u00e9s. Les cheveux en exc\u00e8s peuvent \u00eatre coup\u00e9s pour mettre davantage l\u2019accent sur leur forme naturelle. Les pattes de li\u00e8vre ou les doigts trop ouverts seront p\u00e9nalis\u00e9s.<\/li>\n<li dir=\"ltr\"><strong>Les membres post\u00e9rieurs<\/strong><br \/>\nrobuste et bien muscl\u00e9e, croupe l\u00e9g\u00e8rement inclin\u00e9e dans son profil sup\u00e9rieur tandis que l'axe pelvien (il\u00e9o-ischi) pr\u00e9sente une plus grande inclinaison (environ 30\u00b0 par rapport \u00e0 l'horizontale). En position naturelle, le f\u00e9mur est perpendiculaire (90\u00b0) \u00e0 la croupe.<\/li>\n<li dir=\"ltr\"><strong>Tibia<\/strong><br \/>\nbien inclin\u00e9s, les jarrets doivent \u00eatre perpendiculaires au sol avec des m\u00e9tatarsiens courts et robustes.<\/li>\n<li dir=\"ltr\"><strong>Pieds<\/strong><br \/>\nce qui a \u00e9t\u00e9 dit pour le front s'applique. Aplombs perpendiculaires et corrects observ\u00e9s post\u00e9rieurement. La vaccination, la gaucherie et le balancement des jarrets sont \u00e0 p\u00e9naliser.<\/li>\n<li dir=\"ltr\"><strong>Fourrure<\/strong><br \/>\ncompact, imperm\u00e9able et \u00e9quip\u00e9 d'une sous-couche \u00e9paisse. Texture vitreuse et soutenue, jamais soyeuse et faible. Il peut \u00eatre lisse et ondul\u00e9. De mani\u00e8re g\u00e9n\u00e9rale, il ne n\u00e9cessite pas de toilettage, cependant il peut \u00eatre mod\u00e9r\u00e9ment \u00e9clairci sur les bords post\u00e9rieurs des membres ant\u00e9rieurs, sur le profil inf\u00e9rieur. Il peut \u00e9galement \u00eatre aminci sur le bord inf\u00e9rieur du cou, sur les cuisses et sous la queue. Sur la t\u00eate, les joues et le bord ant\u00e9rieur des membres, il doit \u00eatre court et bien ajust\u00e9. Une fourrure trop douce ou trop longue n\u2019est en aucun cas la bienvenue. Les pieds peuvent \u00eatre soign\u00e9s, mais l\u2019aspect naturel ne doit absolument pas \u00eatre alt\u00e9r\u00e9.<\/li>\n<li dir=\"ltr\"><strong>Couleur<\/strong><br \/>\nintense, brillant, incluant toutes les diff\u00e9rentes nuances d'or. Le sous-poil peut \u00eatre plus clair. Hormis le grisonnement du museau et du corps d\u00fb \u00e0 l'\u00e2ge, toute d\u00e9pigmentation plus \u00e9tendue que quelques poils clairs sur la poitrine doit \u00eatre sanctionn\u00e9e en fonction de son \u00e9tendue. Les teintes plus claires ne doivent pas \u00eatre confondues avec des taches d\u00e9pigmentantes. Une teinte trop claire ou trop fonc\u00e9e n'est pas souhaitable. Le pelage du chiot a g\u00e9n\u00e9ralement tendance \u00e0 foncer. Les taches noires ou toute autre couleur doivent \u00eatre consid\u00e9r\u00e9es comme un d\u00e9faut grave.<\/li>\n<li dir=\"ltr\"><strong>Mouvement<\/strong><br \/>\nl'allure du trot est l\u00e2che, coordonn\u00e9e, correcte et avec une bonne allonge. En augmentant la vitesse du trot, les pas ont tendance \u00e0 converger vers une seule direction centrale (single tracking). Pour \u00e9valuer la d\u00e9marche normale, le sujet doit \u00eatre montr\u00e9 en laisse l\u00e2che.<\/li>\n<li dir=\"ltr\"><strong>Personnage<\/strong><br \/>\n<b> Caract\u00e8re <\/b> <br>Amical et confiant. L'agressivit\u00e9 non motiv\u00e9e ou la timidit\u00e9 et la nervosit\u00e9 n'ont rien \u00e0 voir avec le caract\u00e8re de la personne.\u00a0<span class=\"il\">golden<\/span>. Tali comportamenti debbono essere penalizzati in relazione della loro gravit\u00e0.<\/li>\n<li dir=\"ltr\"><strong>Motifs de disqualification<\/strong><br \/>\nPlus de 2 cm de plus ou de moins que les limites fix\u00e9es par la norme, d\u00e9passement sup\u00e9rieur ou inf\u00e9rieur. <span class=\"il\">standard<\/span>, enognatismo o prognatismo.<\/li>\n<\/ul>\n<\/p><\/div><\/div><div class=\"vc_empty_space\"   style=\"height: 32px\"><span class=\"vc_empty_space_inner\"><\/span><\/div><div class=\"vc_btn3-container vc_btn3-inline\" ><a class=\"vc_general vc_btn3 vc_btn3-size-lg vc_btn3-shape-rounded vc_btn3-style-modern vc_btn3-icon-left vc_btn3-color-orange\" href=\"https:\/\/allevamentodellaregina.it\/accogliere-un-nuovo-cucciolo\/\" title=\"Accueillir un nouveau chiot\"><i class=\"vc_btn3-icon fas fa-paw\"><\/i> Accueillir un nouveau chiot<\/a><\/div><div class=\"vc_empty_space\"   style=\"height: 32px\"><span class=\"vc_empty_space_inner\"><\/span><\/div><div class=\"vc_btn3-container vc_btn3-inline\" ><a class=\"vc_general vc_btn3 vc_btn3-size-lg vc_btn3-shape-rounded vc_btn3-style-modern vc_btn3-icon-left vc_btn3-color-orange\" href=\"https:\/\/allevamentodellaregina.it\/domande-e-risposte-golden-retriever-americano\/\" title=\"Questions et r\u00e9ponses\"><i class=\"vc_btn3-icon fas fa-paw\"><\/i> Questions et r\u00e9ponses<\/a><\/div><\/div><\/div><\/div><\/div><\/div><\/div><\/div><\/div><\/div><\/div><\/div><\/div>","protected":false},"excerpt":{"rendered":"Lo standard AKC Aspetto generale Ben proporzionato, pieno di forza, attento, solido e corretto, n\u00e9 alto n\u00e9 basso sugli arti","protected":false},"author":1,"featured_media":785,"parent":0,"menu_order":0,"comment_status":"closed","ping_status":"closed","template":"","meta":{"footnotes":""},"yoast_head":"<!-- This site is optimized with the Yoast SEO plugin v23.9 - https:\/\/yoast.com\/wordpress\/plugins\/seo\/ -->\n<title>Standard Golden Retriever Americano | Allevamento Della Regina<\/title>\n<meta name=\"description\" content=\"Visita il nostro sito per scoprire tutti i dettagli dello Standard del Golden Retriever Americano. Contattaci per prenotare il tuo cucciolo!\" \/>\n<meta name=\"robots\" content=\"index, follow, max-snippet:-1, max-image-preview:large, max-video-preview:-1\" \/>\n<link rel=\"canonical\" href=\"https:\/\/allevamentodellaregina.it\/fr\/standard-golden-retriever-americano\/\" \/>\n<meta property=\"og:locale\" content=\"fr_FR\" \/>\n<meta property=\"og:type\" content=\"article\" \/>\n<meta property=\"og:title\" content=\"Standard Golden Retriever Americano | Allevamento Della Regina\" \/>\n<meta property=\"og:description\" content=\"Visita il nostro sito per scoprire tutti i dettagli dello Standard del Golden Retriever Americano. Contattaci per prenotare il tuo cucciolo!\" \/>\n<meta property=\"og:url\" content=\"https:\/\/allevamentodellaregina.it\/fr\/standard-golden-retriever-americano\/\" \/>\n<meta property=\"og:site_name\" content=\"Allevamento Della Regina Golden Retriever Americano &amp; Shiba Inu\" \/>\n<meta property=\"article:publisher\" content=\"https:\/\/www.facebook.com\/profile.php?id=100063862758647\" \/>\n<meta property=\"article:modified_time\" content=\"2024-05-19T20:41:21+00:00\" \/>\n<meta property=\"og:image\" content=\"https:\/\/allevamentodellaregina.it\/wp-content\/uploads\/2022\/10\/golden-retriever-rimini.png\" \/>\n\t<meta property=\"og:image:width\" content=\"1434\" \/>\n\t<meta property=\"og:image:height\" content=\"617\" \/>\n\t<meta property=\"og:image:type\" content=\"image\/png\" \/>\n<meta name=\"twitter:card\" content=\"summary_large_image\" \/>\n<meta name=\"twitter:label1\" content=\"Dur\u00e9e de lecture estim\u00e9e\" \/>\n\t<meta name=\"twitter:data1\" content=\"6 minutes\" \/>\n<script type=\"application\/ld+json\" class=\"yoast-schema-graph\">{\"@context\":\"https:\/\/schema.org\",\"@graph\":[{\"@type\":\"WebPage\",\"@id\":\"https:\/\/allevamentodellaregina.it\/standard-golden-retriever-americano\/\",\"url\":\"https:\/\/allevamentodellaregina.it\/standard-golden-retriever-americano\/\",\"name\":\"Standard Golden Retriever Americano | Allevamento Della Regina\",\"isPartOf\":{\"@id\":\"https:\/\/allevamentodellaregina.it\/#website\"},\"primaryImageOfPage\":{\"@id\":\"https:\/\/allevamentodellaregina.it\/standard-golden-retriever-americano\/#primaryimage\"},\"image\":{\"@id\":\"https:\/\/allevamentodellaregina.it\/standard-golden-retriever-americano\/#primaryimage\"},\"thumbnailUrl\":\"https:\/\/allevamentodellaregina.it\/wp-content\/uploads\/2022\/10\/golden-retriever-rimini.png\",\"datePublished\":\"2022-08-18T13:53:23+00:00\",\"dateModified\":\"2024-05-19T20:41:21+00:00\",\"description\":\"Visita il nostro sito per scoprire tutti i dettagli dello Standard del Golden Retriever Americano. Contattaci per prenotare il tuo cucciolo!\",\"breadcrumb\":{\"@id\":\"https:\/\/allevamentodellaregina.it\/standard-golden-retriever-americano\/#breadcrumb\"},\"inLanguage\":\"fr-FR\",\"potentialAction\":[{\"@type\":\"ReadAction\",\"target\":[\"https:\/\/allevamentodellaregina.it\/standard-golden-retriever-americano\/\"]}]},{\"@type\":\"ImageObject\",\"inLanguage\":\"fr-FR\",\"@id\":\"https:\/\/allevamentodellaregina.it\/standard-golden-retriever-americano\/#primaryimage\",\"url\":\"https:\/\/allevamentodellaregina.it\/wp-content\/uploads\/2022\/10\/golden-retriever-rimini.png\",\"contentUrl\":\"https:\/\/allevamentodellaregina.it\/wp-content\/uploads\/2022\/10\/golden-retriever-rimini.png\",\"width\":1434,\"height\":617},{\"@type\":\"BreadcrumbList\",\"@id\":\"https:\/\/allevamentodellaregina.it\/standard-golden-retriever-americano\/#breadcrumb\",\"itemListElement\":[{\"@type\":\"ListItem\",\"position\":1,\"name\":\"Home\",\"item\":\"https:\/\/allevamentodellaregina.it\/\"},{\"@type\":\"ListItem\",\"position\":2,\"name\":\"Standard Golden Retriever Americano\"}]},{\"@type\":\"WebSite\",\"@id\":\"https:\/\/allevamentodellaregina.it\/#website\",\"url\":\"https:\/\/allevamentodellaregina.it\/\",\"name\":\"Allevamento Della Regina Golden Retriever Americano &amp; Shiba Inu\",\"description\":\"Allevamento Golden Retriever Americano &amp; Shiba Inu\",\"publisher\":{\"@id\":\"https:\/\/allevamentodellaregina.it\/#organization\"},\"potentialAction\":[{\"@type\":\"SearchAction\",\"target\":{\"@type\":\"EntryPoint\",\"urlTemplate\":\"https:\/\/allevamentodellaregina.it\/?s={search_term_string}\"},\"query-input\":{\"@type\":\"PropertyValueSpecification\",\"valueRequired\":true,\"valueName\":\"search_term_string\"}}],\"inLanguage\":\"fr-FR\"},{\"@type\":\"Organization\",\"@id\":\"https:\/\/allevamentodellaregina.it\/#organization\",\"name\":\"Allevamento Della Regina\",\"alternateName\":\"Allevamento Della Regina\",\"url\":\"https:\/\/allevamentodellaregina.it\/\",\"logo\":{\"@type\":\"ImageObject\",\"inLanguage\":\"fr-FR\",\"@id\":\"https:\/\/allevamentodellaregina.it\/#\/schema\/logo\/image\/\",\"url\":\"https:\/\/allevamentodellaregina.it\/wp-content\/uploads\/2022\/08\/akai-senshi-allevamento-shiba-inu-golden-retriever-italia.png\",\"contentUrl\":\"https:\/\/allevamentodellaregina.it\/wp-content\/uploads\/2022\/08\/akai-senshi-allevamento-shiba-inu-golden-retriever-italia.png\",\"width\":1114,\"height\":201,\"caption\":\"Allevamento Della Regina\"},\"image\":{\"@id\":\"https:\/\/allevamentodellaregina.it\/#\/schema\/logo\/image\/\"},\"sameAs\":[\"https:\/\/www.facebook.com\/profile.php?id=100063862758647\",\"https:\/\/www.instagram.com\/american_golden_shiba_inu\/\",\"https:\/\/www.tiktok.com\/@akaisenshigoldenshiba\"]}]}<\/script>\n<!-- \/ Yoast SEO plugin. -->","yoast_head_json":{"title":"Standard Golden Retriever Americano | Allevamento Della Regina","description":"Visita il nostro sito per scoprire tutti i dettagli dello Standard del Golden Retriever Americano. Contattaci per prenotare il tuo cucciolo!","robots":{"index":"index","follow":"follow","max-snippet":"max-snippet:-1","max-image-preview":"max-image-preview:large","max-video-preview":"max-video-preview:-1"},"canonical":"https:\/\/allevamentodellaregina.it\/fr\/standard-golden-retriever-americano\/","og_locale":"fr_FR","og_type":"article","og_title":"Standard Golden Retriever Americano | Allevamento Della Regina","og_description":"Visita il nostro sito per scoprire tutti i dettagli dello Standard del Golden Retriever Americano. Contattaci per prenotare il tuo cucciolo!","og_url":"https:\/\/allevamentodellaregina.it\/fr\/standard-golden-retriever-americano\/","og_site_name":"Allevamento Della Regina Golden Retriever Americano &amp; Shiba Inu","article_publisher":"https:\/\/www.facebook.com\/profile.php?id=100063862758647","article_modified_time":"2024-05-19T20:41:21+00:00","og_image":[{"width":1434,"height":617,"url":"https:\/\/allevamentodellaregina.it\/wp-content\/uploads\/2022\/10\/golden-retriever-rimini.png","type":"image\/png"}],"twitter_card":"summary_large_image","twitter_misc":{"Dur\u00e9e de lecture estim\u00e9e":"6 minutes"},"schema":{"@context":"https:\/\/schema.org","@graph":[{"@type":"WebPage","@id":"https:\/\/allevamentodellaregina.it\/standard-golden-retriever-americano\/","url":"https:\/\/allevamentodellaregina.it\/standard-golden-retriever-americano\/","name":"Standard Golden Retriever Americano | Allevamento Della Regina","isPartOf":{"@id":"https:\/\/allevamentodellaregina.it\/#website"},"primaryImageOfPage":{"@id":"https:\/\/allevamentodellaregina.it\/standard-golden-retriever-americano\/#primaryimage"},"image":{"@id":"https:\/\/allevamentodellaregina.it\/standard-golden-retriever-americano\/#primaryimage"},"thumbnailUrl":"https:\/\/allevamentodellaregina.it\/wp-content\/uploads\/2022\/10\/golden-retriever-rimini.png","datePublished":"2022-08-18T13:53:23+00:00","dateModified":"2024-05-19T20:41:21+00:00","description":"Visita il nostro sito per scoprire tutti i dettagli dello Standard del Golden Retriever Americano. Contattaci per prenotare il tuo cucciolo!","breadcrumb":{"@id":"https:\/\/allevamentodellaregina.it\/standard-golden-retriever-americano\/#breadcrumb"},"inLanguage":"fr-FR","potentialAction":[{"@type":"ReadAction","target":["https:\/\/allevamentodellaregina.it\/standard-golden-retriever-americano\/"]}]},{"@type":"ImageObject","inLanguage":"fr-FR","@id":"https:\/\/allevamentodellaregina.it\/standard-golden-retriever-americano\/#primaryimage","url":"https:\/\/allevamentodellaregina.it\/wp-content\/uploads\/2022\/10\/golden-retriever-rimini.png","contentUrl":"https:\/\/allevamentodellaregina.it\/wp-content\/uploads\/2022\/10\/golden-retriever-rimini.png","width":1434,"height":617},{"@type":"BreadcrumbList","@id":"https:\/\/allevamentodellaregina.it\/standard-golden-retriever-americano\/#breadcrumb","itemListElement":[{"@type":"ListItem","position":1,"name":"Home","item":"https:\/\/allevamentodellaregina.it\/"},{"@type":"ListItem","position":2,"name":"Standard Golden Retriever Americano"}]},{"@type":"WebSite","@id":"https:\/\/allevamentodellaregina.it\/#website","url":"https:\/\/allevamentodellaregina.it\/","name":"Allevamento Della Regina Golden Retriever Americano &amp; Shiba Inu","description":"Allevamento Golden Retriever Americano &amp; Shiba Inu","publisher":{"@id":"https:\/\/allevamentodellaregina.it\/#organization"},"potentialAction":[{"@type":"SearchAction","target":{"@type":"EntryPoint","urlTemplate":"https:\/\/allevamentodellaregina.it\/?s={search_term_string}"},"query-input":{"@type":"PropertyValueSpecification","valueRequired":true,"valueName":"search_term_string"}}],"inLanguage":"fr-FR"},{"@type":"Organization","@id":"https:\/\/allevamentodellaregina.it\/#organization","name":"Allevamento Della Regina","alternateName":"Allevamento Della Regina","url":"https:\/\/allevamentodellaregina.it\/","logo":{"@type":"ImageObject","inLanguage":"fr-FR","@id":"https:\/\/allevamentodellaregina.it\/#\/schema\/logo\/image\/","url":"https:\/\/allevamentodellaregina.it\/wp-content\/uploads\/2022\/08\/akai-senshi-allevamento-shiba-inu-golden-retriever-italia.png","contentUrl":"https:\/\/allevamentodellaregina.it\/wp-content\/uploads\/2022\/08\/akai-senshi-allevamento-shiba-inu-golden-retriever-italia.png","width":1114,"height":201,"caption":"Allevamento Della Regina"},"image":{"@id":"https:\/\/allevamentodellaregina.it\/#\/schema\/logo\/image\/"},"sameAs":["https:\/\/www.facebook.com\/profile.php?id=100063862758647","https:\/\/www.instagram.com\/american_golden_shiba_inu\/","https:\/\/www.tiktok.com\/@akaisenshigoldenshiba"]}]}},"_links":{"self":[{"href":"https:\/\/allevamentodellaregina.it\/fr\/wp-json\/wp\/v2\/pages\/640"}],"collection":[{"href":"https:\/\/allevamentodellaregina.it\/fr\/wp-json\/wp\/v2\/pages"}],"about":[{"href":"https:\/\/allevamentodellaregina.it\/fr\/wp-json\/wp\/v2\/types\/page"}],"author":[{"embeddable":true,"href":"https:\/\/allevamentodellaregina.it\/fr\/wp-json\/wp\/v2\/users\/1"}],"replies":[{"embeddable":true,"href":"https:\/\/allevamentodellaregina.it\/fr\/wp-json\/wp\/v2\/comments?post=640"}],"version-history":[{"count":3,"href":"https:\/\/allevamentodellaregina.it\/fr\/wp-json\/wp\/v2\/pages\/640\/revisions"}],"predecessor-version":[{"id":1055,"href":"https:\/\/allevamentodellaregina.it\/fr\/wp-json\/wp\/v2\/pages\/640\/revisions\/1055"}],"wp:featuredmedia":[{"embeddable":true,"href":"https:\/\/allevamentodellaregina.it\/fr\/wp-json\/wp\/v2\/media\/785"}],"wp:attachment":[{"href":"https:\/\/allevamentodellaregina.it\/fr\/wp-json\/wp\/v2\/media?parent=640"}],"curies":[{"name":"wp","href":"https:\/\/api.w.org\/{rel}","templated":true}]}}