{"id":634,"date":"2022-08-18T15:24:29","date_gmt":"2022-08-18T13:24:29","guid":{"rendered":"https:\/\/akaisenshi.ch\/?page_id=634"},"modified":"2024-06-03T13:42:03","modified_gmt":"2024-06-03T11:42:03","slug":"caratteristiche-golden-retriever-americano","status":"publish","type":"page","link":"https:\/\/allevamentodellaregina.it\/fr\/caratteristiche-golden-retriever-americano\/","title":{"rendered":"Caract\u00e9ristiques Golden Retriever am\u00e9ricain"},"content":{"rendered":"<div class=\"clear full-width-section    woof-icon-row flaticon-animal-prints\" ><div class=\"block-wrapper\" style=' padding-top:80px; padding-bottom:80px;'><div class=\"section-wrapper container\"><div class=\"sec-bg-fancy\"><div class=\"row-layout  row\"><div class=\"wpb_column vc_column_container vc_col-sm-12\"><div class=\"vc_column-inner\"><div class=\"wpb_wrapper\"><div class=\"vc_row wpb_row vc_inner vc_row-fluid\"><div class=\"wpb_column vc_column_container vc_col-sm-12\"><div class=\"vc_column-inner\"><div class=\"wpb_wrapper\"><div class=\"sec-text  custom pl-0\"><div class=\"section-content\" style=\"\"><p>\n<p dir=\"ltr\" class=\" translation-block\">Le\u00a0<span class=\"il\">Golden<\/span>\u00a0Retriever est un chien retriever <strong>de grande taille<\/strong> au poil <strong>long et hydrofuge<\/strong>, de <strong> Origine \u00e9cossaise<\/strong>.<\/p>\n<p class=\" translation-block\">R\u00e9pandu en Europe et en Am\u00e9rique du Nord, <strong>il se divise en deux types\u00a0: britannique\u00a0et\u00a0am\u00e9ricain<\/strong>. La race est class\u00e9e comme unique et a \u00e9t\u00e9 inscrite pour la premi\u00e8re fois dans un registre officiel en 1903, en Angleterre. Son code FCI est 111 (28.10.2009), l'organisme national italien d'\u00e9levage canin (ENCI) le classe, selon le standard de la F\u00e9d\u00e9ration canine internationale, dans le groupe 8 section 1 : chien retriever (avec essai de travail), donc utilitaire. chien (chien de chasse), qui par nature et\u00a0<span class=\"il\">caract\u00e9ristiques<\/span>\u00a0est \u00e0 l'aise aussi bien \u00e0 l'ext\u00e9rieur qu'\u00e0 l'int\u00e9rieur de l'eau.<\/p>\n<p dir=\"ltr\" class=\" translation-block\">Les\u00a0<span class=\"il\">Golden<\/span>\u00a0Retrievers ont un corps muscl\u00e9 avec une <strong>grande endurance<\/strong>, des capacit\u00e9s dues \u00e0 une forte capacit\u00e9 de chasse. Ils ont des oreilles moyennement longues, de grands yeux, une longue queue couverte de poils frang\u00e9s, la couleur typique du pelage est cr\u00e8me\/dor\u00e9.<\/p>\n<p dir=\"ltr\" class=\" translation-block\">Ce sont des chiens de <strong>caract\u00e8re doux<\/strong>, <strong>sociables avec les humains et les autres chiens<\/strong>, extr\u00eamement <strong>dociles et dressables<\/strong>, tr\u00e8s voraces. Leur diffusion toujours croissante et r\u00e9ussie r\u00e9side \u00e9galement dans le fait qu'ils trouvent \u00e9galement l'environnement domestique confortable. Le chien vit \u00e9galement assez longtemps et, s'il est bien trait\u00e9, peut d\u00e9passer 15 ans.<\/p>\n<\/p><\/div><\/div><div class=\"vc_empty_space\"   style=\"height: 32px\"><span class=\"vc_empty_space_inner\"><\/span><\/div><div class=\"vc_btn3-container vc_btn3-inline\" ><a class=\"vc_general vc_btn3 vc_btn3-size-lg vc_btn3-shape-rounded vc_btn3-style-modern vc_btn3-icon-left vc_btn3-color-orange\" href=\"https:\/\/allevamentodellaregina.it\/standard-golden-retriever-americano\/\" title=\"Golden Retriever am\u00e9ricain standard\"><i class=\"vc_btn3-icon fas fa-paw\"><\/i> D\u00e9couvrez le Golden Retriever am\u00e9ricain standard<\/a><\/div><div class=\"vc_empty_space\"   style=\"height: 10px\"><span class=\"vc_empty_space_inner\"><\/span><\/div><div class=\"vc_btn3-container vc_btn3-inline\" ><a class=\"vc_general vc_btn3 vc_btn3-size-lg vc_btn3-shape-rounded vc_btn3-style-modern vc_btn3-icon-left vc_btn3-color-orange\" href=\"https:\/\/allevamentodellaregina.it\/accogliere-un-nuovo-cucciolo\/\" title=\"Accogliere un nuovo cucciolo di Golden Retriever Americano\"><i class=\"vc_btn3-icon fas fa-paw\"><\/i> D\u00e9couvrez comment accueillir un nouveau chiot<\/a><\/div><div class=\"vc_empty_space\"   style=\"height: 10px\"><span class=\"vc_empty_space_inner\"><\/span><\/div><div class=\"vc_btn3-container vc_btn3-inline\" ><a class=\"vc_general vc_btn3 vc_btn3-size-lg vc_btn3-shape-rounded vc_btn3-style-modern vc_btn3-icon-left vc_btn3-color-orange\" href=\"https:\/\/allevamentodellaregina.it\/domande-e-risposte-golden-retriever-americano\/\" title=\"Questions et r\u00e9ponses\"><i class=\"vc_btn3-icon fas fa-paw\"><\/i> Questions et r\u00e9ponses<\/a><\/div><\/div><\/div><\/div><\/div><\/div><\/div><\/div><\/div><\/div><\/div><\/div><\/div>","protected":false},"excerpt":{"rendered":"Il\u00a0Golden\u00a0Retriever \u00e8 un cane da riporto di taglia grande a pelo lungo e idrorepellente, di origine scozzese. Diffuso sia in","protected":false},"author":1,"featured_media":785,"parent":0,"menu_order":0,"comment_status":"closed","ping_status":"closed","template":"","meta":{"footnotes":""},"yoast_head":"<!-- This site is optimized with the Yoast SEO plugin v23.9 - https:\/\/yoast.com\/wordpress\/plugins\/seo\/ -->\n<title>Caratteristiche Golden Retriever Americano | Allevamento Della Regina<\/title>\n<meta name=\"description\" content=\"Cani di carattere mite, socievole con l\u2019uomo, docili e addestrabili. Scopri tutte le caratteristiche del Golden Retriever Americano!\" \/>\n<meta name=\"robots\" content=\"index, follow, max-snippet:-1, max-image-preview:large, max-video-preview:-1\" \/>\n<link rel=\"canonical\" href=\"https:\/\/allevamentodellaregina.it\/fr\/caratteristiche-golden-retriever-americano\/\" \/>\n<meta property=\"og:locale\" content=\"fr_FR\" \/>\n<meta property=\"og:type\" content=\"article\" \/>\n<meta property=\"og:title\" content=\"Caratteristiche Golden Retriever Americano | Allevamento Della Regina\" \/>\n<meta property=\"og:description\" content=\"Cani di carattere mite, socievole con l\u2019uomo, docili e addestrabili. Scopri tutte le caratteristiche del Golden Retriever Americano!\" \/>\n<meta property=\"og:url\" content=\"https:\/\/allevamentodellaregina.it\/fr\/caratteristiche-golden-retriever-americano\/\" \/>\n<meta property=\"og:site_name\" content=\"Allevamento Della Regina Golden Retriever Americano &amp; Shiba Inu\" \/>\n<meta property=\"article:publisher\" content=\"https:\/\/www.facebook.com\/profile.php?id=100063862758647\" \/>\n<meta property=\"article:modified_time\" content=\"2024-06-03T11:42:03+00:00\" \/>\n<meta property=\"og:image\" content=\"https:\/\/allevamentodellaregina.it\/wp-content\/uploads\/2022\/10\/golden-retriever-rimini.png\" \/>\n\t<meta property=\"og:image:width\" content=\"1434\" \/>\n\t<meta property=\"og:image:height\" content=\"617\" \/>\n\t<meta property=\"og:image:type\" content=\"image\/png\" \/>\n<meta name=\"twitter:card\" content=\"summary_large_image\" \/>\n<meta name=\"twitter:label1\" content=\"Dur\u00e9e de lecture estim\u00e9e\" \/>\n\t<meta name=\"twitter:data1\" content=\"2 minutes\" \/>\n<script type=\"application\/ld+json\" class=\"yoast-schema-graph\">{\"@context\":\"https:\/\/schema.org\",\"@graph\":[{\"@type\":\"WebPage\",\"@id\":\"https:\/\/allevamentodellaregina.it\/caratteristiche-golden-retriever-americano\/\",\"url\":\"https:\/\/allevamentodellaregina.it\/caratteristiche-golden-retriever-americano\/\",\"name\":\"Caratteristiche Golden Retriever Americano | Allevamento Della Regina\",\"isPartOf\":{\"@id\":\"https:\/\/allevamentodellaregina.it\/#website\"},\"primaryImageOfPage\":{\"@id\":\"https:\/\/allevamentodellaregina.it\/caratteristiche-golden-retriever-americano\/#primaryimage\"},\"image\":{\"@id\":\"https:\/\/allevamentodellaregina.it\/caratteristiche-golden-retriever-americano\/#primaryimage\"},\"thumbnailUrl\":\"https:\/\/allevamentodellaregina.it\/wp-content\/uploads\/2022\/10\/golden-retriever-rimini.png\",\"datePublished\":\"2022-08-18T13:24:29+00:00\",\"dateModified\":\"2024-06-03T11:42:03+00:00\",\"description\":\"Cani di carattere mite, socievole con l\u2019uomo, docili e addestrabili. Scopri tutte le caratteristiche del Golden Retriever Americano!\",\"breadcrumb\":{\"@id\":\"https:\/\/allevamentodellaregina.it\/caratteristiche-golden-retriever-americano\/#breadcrumb\"},\"inLanguage\":\"fr-FR\",\"potentialAction\":[{\"@type\":\"ReadAction\",\"target\":[\"https:\/\/allevamentodellaregina.it\/caratteristiche-golden-retriever-americano\/\"]}]},{\"@type\":\"ImageObject\",\"inLanguage\":\"fr-FR\",\"@id\":\"https:\/\/allevamentodellaregina.it\/caratteristiche-golden-retriever-americano\/#primaryimage\",\"url\":\"https:\/\/allevamentodellaregina.it\/wp-content\/uploads\/2022\/10\/golden-retriever-rimini.png\",\"contentUrl\":\"https:\/\/allevamentodellaregina.it\/wp-content\/uploads\/2022\/10\/golden-retriever-rimini.png\",\"width\":1434,\"height\":617},{\"@type\":\"BreadcrumbList\",\"@id\":\"https:\/\/allevamentodellaregina.it\/caratteristiche-golden-retriever-americano\/#breadcrumb\",\"itemListElement\":[{\"@type\":\"ListItem\",\"position\":1,\"name\":\"Home\",\"item\":\"https:\/\/allevamentodellaregina.it\/\"},{\"@type\":\"ListItem\",\"position\":2,\"name\":\"Caratteristiche Golden Retriever Americano\"}]},{\"@type\":\"WebSite\",\"@id\":\"https:\/\/allevamentodellaregina.it\/#website\",\"url\":\"https:\/\/allevamentodellaregina.it\/\",\"name\":\"Allevamento Della Regina Golden Retriever Americano &amp; Shiba Inu\",\"description\":\"Allevamento Golden Retriever Americano &amp; Shiba Inu\",\"publisher\":{\"@id\":\"https:\/\/allevamentodellaregina.it\/#organization\"},\"potentialAction\":[{\"@type\":\"SearchAction\",\"target\":{\"@type\":\"EntryPoint\",\"urlTemplate\":\"https:\/\/allevamentodellaregina.it\/?s={search_term_string}\"},\"query-input\":{\"@type\":\"PropertyValueSpecification\",\"valueRequired\":true,\"valueName\":\"search_term_string\"}}],\"inLanguage\":\"fr-FR\"},{\"@type\":\"Organization\",\"@id\":\"https:\/\/allevamentodellaregina.it\/#organization\",\"name\":\"Allevamento Della Regina\",\"alternateName\":\"Allevamento Della Regina\",\"url\":\"https:\/\/allevamentodellaregina.it\/\",\"logo\":{\"@type\":\"ImageObject\",\"inLanguage\":\"fr-FR\",\"@id\":\"https:\/\/allevamentodellaregina.it\/#\/schema\/logo\/image\/\",\"url\":\"https:\/\/allevamentodellaregina.it\/wp-content\/uploads\/2022\/08\/akai-senshi-allevamento-shiba-inu-golden-retriever-italia.png\",\"contentUrl\":\"https:\/\/allevamentodellaregina.it\/wp-content\/uploads\/2022\/08\/akai-senshi-allevamento-shiba-inu-golden-retriever-italia.png\",\"width\":1114,\"height\":201,\"caption\":\"Allevamento Della Regina\"},\"image\":{\"@id\":\"https:\/\/allevamentodellaregina.it\/#\/schema\/logo\/image\/\"},\"sameAs\":[\"https:\/\/www.facebook.com\/profile.php?id=100063862758647\",\"https:\/\/www.instagram.com\/american_golden_shiba_inu\/\",\"https:\/\/www.tiktok.com\/@akaisenshigoldenshiba\"]}]}<\/script>\n<!-- \/ Yoast SEO plugin. -->","yoast_head_json":{"title":"Caratteristiche Golden Retriever Americano | Allevamento Della Regina","description":"Cani di carattere mite, socievole con l\u2019uomo, docili e addestrabili. Scopri tutte le caratteristiche del Golden Retriever Americano!","robots":{"index":"index","follow":"follow","max-snippet":"max-snippet:-1","max-image-preview":"max-image-preview:large","max-video-preview":"max-video-preview:-1"},"canonical":"https:\/\/allevamentodellaregina.it\/fr\/caratteristiche-golden-retriever-americano\/","og_locale":"fr_FR","og_type":"article","og_title":"Caratteristiche Golden Retriever Americano | Allevamento Della Regina","og_description":"Cani di carattere mite, socievole con l\u2019uomo, docili e addestrabili. Scopri tutte le caratteristiche del Golden Retriever Americano!","og_url":"https:\/\/allevamentodellaregina.it\/fr\/caratteristiche-golden-retriever-americano\/","og_site_name":"Allevamento Della Regina Golden Retriever Americano &amp; Shiba Inu","article_publisher":"https:\/\/www.facebook.com\/profile.php?id=100063862758647","article_modified_time":"2024-06-03T11:42:03+00:00","og_image":[{"width":1434,"height":617,"url":"https:\/\/allevamentodellaregina.it\/wp-content\/uploads\/2022\/10\/golden-retriever-rimini.png","type":"image\/png"}],"twitter_card":"summary_large_image","twitter_misc":{"Dur\u00e9e de lecture estim\u00e9e":"2 minutes"},"schema":{"@context":"https:\/\/schema.org","@graph":[{"@type":"WebPage","@id":"https:\/\/allevamentodellaregina.it\/caratteristiche-golden-retriever-americano\/","url":"https:\/\/allevamentodellaregina.it\/caratteristiche-golden-retriever-americano\/","name":"Caratteristiche Golden Retriever Americano | Allevamento Della Regina","isPartOf":{"@id":"https:\/\/allevamentodellaregina.it\/#website"},"primaryImageOfPage":{"@id":"https:\/\/allevamentodellaregina.it\/caratteristiche-golden-retriever-americano\/#primaryimage"},"image":{"@id":"https:\/\/allevamentodellaregina.it\/caratteristiche-golden-retriever-americano\/#primaryimage"},"thumbnailUrl":"https:\/\/allevamentodellaregina.it\/wp-content\/uploads\/2022\/10\/golden-retriever-rimini.png","datePublished":"2022-08-18T13:24:29+00:00","dateModified":"2024-06-03T11:42:03+00:00","description":"Cani di carattere mite, socievole con l\u2019uomo, docili e addestrabili. Scopri tutte le caratteristiche del Golden Retriever Americano!","breadcrumb":{"@id":"https:\/\/allevamentodellaregina.it\/caratteristiche-golden-retriever-americano\/#breadcrumb"},"inLanguage":"fr-FR","potentialAction":[{"@type":"ReadAction","target":["https:\/\/allevamentodellaregina.it\/caratteristiche-golden-retriever-americano\/"]}]},{"@type":"ImageObject","inLanguage":"fr-FR","@id":"https:\/\/allevamentodellaregina.it\/caratteristiche-golden-retriever-americano\/#primaryimage","url":"https:\/\/allevamentodellaregina.it\/wp-content\/uploads\/2022\/10\/golden-retriever-rimini.png","contentUrl":"https:\/\/allevamentodellaregina.it\/wp-content\/uploads\/2022\/10\/golden-retriever-rimini.png","width":1434,"height":617},{"@type":"BreadcrumbList","@id":"https:\/\/allevamentodellaregina.it\/caratteristiche-golden-retriever-americano\/#breadcrumb","itemListElement":[{"@type":"ListItem","position":1,"name":"Home","item":"https:\/\/allevamentodellaregina.it\/"},{"@type":"ListItem","position":2,"name":"Caratteristiche Golden Retriever Americano"}]},{"@type":"WebSite","@id":"https:\/\/allevamentodellaregina.it\/#website","url":"https:\/\/allevamentodellaregina.it\/","name":"Allevamento Della Regina Golden Retriever Americano &amp; Shiba Inu","description":"Allevamento Golden Retriever Americano &amp; Shiba Inu","publisher":{"@id":"https:\/\/allevamentodellaregina.it\/#organization"},"potentialAction":[{"@type":"SearchAction","target":{"@type":"EntryPoint","urlTemplate":"https:\/\/allevamentodellaregina.it\/?s={search_term_string}"},"query-input":{"@type":"PropertyValueSpecification","valueRequired":true,"valueName":"search_term_string"}}],"inLanguage":"fr-FR"},{"@type":"Organization","@id":"https:\/\/allevamentodellaregina.it\/#organization","name":"Allevamento Della Regina","alternateName":"Allevamento Della Regina","url":"https:\/\/allevamentodellaregina.it\/","logo":{"@type":"ImageObject","inLanguage":"fr-FR","@id":"https:\/\/allevamentodellaregina.it\/#\/schema\/logo\/image\/","url":"https:\/\/allevamentodellaregina.it\/wp-content\/uploads\/2022\/08\/akai-senshi-allevamento-shiba-inu-golden-retriever-italia.png","contentUrl":"https:\/\/allevamentodellaregina.it\/wp-content\/uploads\/2022\/08\/akai-senshi-allevamento-shiba-inu-golden-retriever-italia.png","width":1114,"height":201,"caption":"Allevamento Della Regina"},"image":{"@id":"https:\/\/allevamentodellaregina.it\/#\/schema\/logo\/image\/"},"sameAs":["https:\/\/www.facebook.com\/profile.php?id=100063862758647","https:\/\/www.instagram.com\/american_golden_shiba_inu\/","https:\/\/www.tiktok.com\/@akaisenshigoldenshiba"]}]}},"_links":{"self":[{"href":"https:\/\/allevamentodellaregina.it\/fr\/wp-json\/wp\/v2\/pages\/634"}],"collection":[{"href":"https:\/\/allevamentodellaregina.it\/fr\/wp-json\/wp\/v2\/pages"}],"about":[{"href":"https:\/\/allevamentodellaregina.it\/fr\/wp-json\/wp\/v2\/types\/page"}],"author":[{"embeddable":true,"href":"https:\/\/allevamentodellaregina.it\/fr\/wp-json\/wp\/v2\/users\/1"}],"replies":[{"embeddable":true,"href":"https:\/\/allevamentodellaregina.it\/fr\/wp-json\/wp\/v2\/comments?post=634"}],"version-history":[{"count":3,"href":"https:\/\/allevamentodellaregina.it\/fr\/wp-json\/wp\/v2\/pages\/634\/revisions"}],"predecessor-version":[{"id":1137,"href":"https:\/\/allevamentodellaregina.it\/fr\/wp-json\/wp\/v2\/pages\/634\/revisions\/1137"}],"wp:featuredmedia":[{"embeddable":true,"href":"https:\/\/allevamentodellaregina.it\/fr\/wp-json\/wp\/v2\/media\/785"}],"wp:attachment":[{"href":"https:\/\/allevamentodellaregina.it\/fr\/wp-json\/wp\/v2\/media?parent=634"}],"curies":[{"name":"wp","href":"https:\/\/api.w.org\/{rel}","templated":true}]}}