{"id":113,"date":"2018-05-10T16:13:51","date_gmt":"2018-05-10T16:13:51","guid":{"rendered":"http:\/\/webredox.net\/demo\/wp\/woof\/?page_id=113"},"modified":"2024-06-03T15:58:37","modified_gmt":"2024-06-03T13:58:37","slug":"accogliere-un-nuovo-cucciolo","status":"publish","type":"page","link":"https:\/\/allevamentodellaregina.it\/fr\/accogliere-un-nuovo-cucciolo\/","title":{"rendered":"Comment accueillir un nouveau chiot"},"content":{"rendered":"<div class=\"clear full-width-section    woof-icon-row flaticon-animal-prints\" ><div class=\"block-wrapper\" style=' padding-top:80px; padding-bottom:80px;'><div class=\"section-wrapper container\"><div class=\"sec-bg-fancy\"><div class=\"row-layout  row\"><div class=\"wpb_column vc_column_container vc_col-sm-12\"><div class=\"vc_column-inner\"><div class=\"wpb_wrapper\"><div class=\"sec-text  custom pl-0\"><div class=\"section-content\" style=\"\"><h3 style=\"\">Le premier jour du chiot avec vous<\/h3><p>\n<p dir=\"ltr\" class=\" translation-block\">Le jour o\u00f9 le chiot quittera sa m\u00e8re et le reste de la port\u00e9e seront m\u00e9morables. Pour l'aider \u00e0 se sentir <strong>heureux et calme<\/strong> une fois \u00e0 la maison avec vous, suivez ces <strong>conseils cl\u00e9s\u00a0:<\/strong><\/p>\n<ul>\n<li dir=\"ltr\" class=\" translation-block\">Tout d\u2019abord, il est pr\u00e9f\u00e9rable d\u2019\u00e9tablir d\u00e9j\u00e0 le nom \u00e0 lui donner et de l\u2019appeler imm\u00e9diatement par ce nom. En faisant cela, le chien s'y habituera et associera une s\u00e9rie de sensations agr\u00e9ables \u00e0 ce son. Ne grondez jamais le chien en utilisant son nom, sinon vous courez le risque que m\u00eame lorsque vous l'appelez normalement, il ne veuille plus venir vers vous.<\/li>\n<li dir=\"ltr\" class=\" translation-block\">Qu'il soit chiot ou d\u00e9j\u00e0 adulte, pensez qu'<strong>il est dans un nouvel environnement<\/strong>, entour\u00e9 de gens qu'il ne conna\u00eet pas et \u00e9videmment il sera curieux. Vous essayez de le rassurer en le caressant ; Vous lui ferez ainsi comprendre que lorsque vous \u00eates l\u00e0, en tant que chef de meute, rien de mal ne peut lui arriver.<\/li>\n<li dir=\"ltr\" class=\" translation-block\">Assurez-vous que l'<strong>environnement familial est calme<\/strong>\u00a0: votre nouveau chiot peut se sentir stress\u00e9 par de nouveaux objets, sons et odeurs dans votre maison et par le fait d'\u00eatre s\u00e9par\u00e9 de sa m\u00e8re. Assurez-vous donc que votre maison reste un <strong>environnement tr\u00e8s calme<\/strong> pour \u00e9viter d'ajouter du stress suppl\u00e9mentaire.<\/li>\n<li dir=\"ltr\" class=\" translation-block\">Les premiers jours, il sera au centre de l'attention de tous les membres de la famille, en particulier des enfants, et cela est compr\u00e9hensible. Mais n\u2019en faites pas trop ; <strong>surtout s'il s'agit d'un chiot, il a besoin de beaucoup de repos<\/strong>, il ne peut pas se fatiguer trop avec les jeux et autres. Donc je joue oui, mais dans la bonne mesure. Il devra \u00e9galement s'habituer lorsque la situation redeviendra normale et qu'il ne sera plus au centre de l'attention, ou lorsque tous les membres de la famille partiront et qu'il se retrouvera seul. <strong>Donnez-lui donc son propre espace<\/strong> non seulement physique, comme nous le verrons bient\u00f4t, mais aussi mental, pour ainsi dire.<\/li>\n<li dir=\"ltr\" class=\" translation-block\">Allons directement \u00e0 son espace, <strong>le\u00a0chenil<\/strong>. Pr\u00e9parez-le avant son arriv\u00e9e, compl\u00e9tez-le avec un bol pour l'eau et un bol avec de la nourriture. Lorsque le chien entre dans la maison, il est normal qu'il veuille explorer les environs, il sent tout et vous lui permettrez de le faire. Laissez-le tourner librement en vous assurant qu'il ne court aucun danger.<\/li>\n<li dir=\"ltr\">D\u00e8s votre retour \u00e0 la maison, emmenez votre chiot dans le jardin ou dehors pour qu'il puisse vaquer \u00e0 ses occupations. Lorsqu'il r\u00e9ussit, r\u00e9compensez-le en utilisant un ton de voix positif.<\/li>\n<\/ul>\n<\/p><\/div><\/div><div class=\"vc_empty_space\"   style=\"height: 32px\"><span class=\"vc_empty_space_inner\"><\/span><\/div><div class=\"sec-text\"><div class=\"section-content\" style=\"\"><h3 style=\"\" class=\" translation-block\">Il est temps de dormir.<br>\nComment se comporter? Ce qu'il faut faire?<\/h3><p>\n<p dir=\"ltr\" class=\" translation-block\">Tout d'abord, surtout s'il s'agit d'un chiot, nous vous conseillons de <strong>le laisser dormir \u00e0 l'int\u00e9rieur<\/strong>, car il est trop petit pour dormir seul dehors et pourrait nuire \u00e0 sa sant\u00e9. D\u00e8s que vous le laissez dans la niche (que vous \u00eates cens\u00e9 avoir plac\u00e9 dans un endroit central de la maison), il se met \u00e0 pleurer, car il ne veut pas \u00eatre seul, il a peur ; pour lui, c'est une situation compl\u00e8tement nouvelle.<\/p>\n<p>Beaucoup font l\u2019erreur, na\u00efvement, de le ramasser et de le mettre au lit avec eux. Malheureusement cela cr\u00e9e un pr\u00e9c\u00e9dent, il sera donc tr\u00e8s difficile par la suite de le convaincre d'aller dormir dans son chenil.<\/p>\n<p dir=\"ltr\" class=\" translation-block\">Il est donc conseill\u00e9 de <strong>placer la niche pr\u00e8s de votre lit<\/strong>, afin qu'elle soit proche de vous, qu'elle ressente votre pr\u00e9sence, mais qu'elle ait en m\u00eame temps son propre endroit pour dormir. Vous pouvez \u00e9galement essayer de placer la niche imm\u00e9diatement \u00e0 l'ext\u00e9rieur de la pi\u00e8ce o\u00f9 vous dormez, afin que le chien puisse vous voir.<\/p>\n<p>Le lendemain matin, vous pourrez d\u00e9placer la niche \u00e0 l'endroit o\u00f9 vous l'avez plac\u00e9e la veille, afin que le chien puisse se reposer confortablement pendant la journ\u00e9e.<\/p>\n<p dir=\"ltr\" class=\" translation-block\">Alternativement, certains optent pour un <strong>lit double<\/strong>\u00a0: un pour la nuit uniquement \u00e0 proximit\u00e9 de la chambre principale, et le chenil proprement dit (avec gamelles et jouets) au centre de la maison, dans un lieu de passage.<\/p>\n<p dir=\"ltr\">D'autres encore pr\u00e9parent une chambre enti\u00e8re pour leur ami \u00e0 4 pattes, avec une niche, des jouets et tout ce dont il peut avoir besoin.<\/p>\n<\/p><\/div><\/div><div class=\"vc_empty_space\"   style=\"height: 70px\"><span class=\"vc_empty_space_inner\"><\/span><\/div><div class=\"vc_row wpb_row vc_inner vc_row-fluid\"><div class=\"wpb_column vc_column_container vc_col-sm-6\"><div class=\"vc_column-inner\"><div class=\"wpb_wrapper\"><div class=\"sec-image\"><img decoding=\"async\" src=\"https:\/\/allevamentodellaregina.it\/wp-content\/uploads\/2022\/10\/allevamento-akai-sensi-montefiore-conca-rimini.png\" style=\"\" alt=\"allevamento akai sensi montefiore conca rimini\" data-aos=\"zoom-in\"  data-aos-duration=\"\"  class=\"img-fluid border-irregular1\"\/><\/div><\/div><\/div><\/div><div class=\"wpb_column vc_column_container vc_col-sm-6\"><div class=\"vc_column-inner\"><div class=\"wpb_wrapper\"><div class=\"sec-text\"><div class=\"section-content\" style=\"\"><h3 style=\"\">Nous contacter<\/h3><p>Votre \u00e9leveur est toujours disponible pour tout conseil avant, pendant et apr\u00e8s le transfert du chiot, alors n'h\u00e9sitez pas \u00e0 demander.\u00a0<strong>Nous serons heureux de vous aider avec notre exp\u00e9rience!<\/strong><\/p><a class=\"btn btn-primary\" href=\"https:\/\/allevamentodellaregina.it\/contatti\/\" >Nous contacter<\/a><\/div><\/div><\/div><\/div><\/div><\/div><\/div><\/div><\/div><\/div><\/div><\/div><\/div><\/div>","protected":false},"excerpt":{"rendered":"Il primo giorno del cucciolo con te Il giorno in cui il cucciolo lascia la madre e il resto della","protected":false},"author":1,"featured_media":783,"parent":0,"menu_order":0,"comment_status":"closed","ping_status":"closed","template":"","meta":{"footnotes":""},"yoast_head":"<!-- This site is optimized with the Yoast SEO plugin v23.9 - https:\/\/yoast.com\/wordpress\/plugins\/seo\/ -->\n<title>Come accogliere un nuovo cucciolo | Allevamento Della Regina Golden Retriever Americano &amp; Shiba Inu<\/title>\n<meta name=\"description\" content=\"Leggi tutti i nostri consigli su come accogliere a casa il tuo nuovo cucciolo, per farlo sentire da subito un amato membro della famiglia!\" \/>\n<meta name=\"robots\" content=\"index, follow, max-snippet:-1, max-image-preview:large, max-video-preview:-1\" \/>\n<link rel=\"canonical\" href=\"https:\/\/allevamentodellaregina.it\/fr\/accogliere-un-nuovo-cucciolo\/\" \/>\n<meta property=\"og:locale\" content=\"fr_FR\" \/>\n<meta property=\"og:type\" content=\"article\" \/>\n<meta property=\"og:title\" content=\"Come accogliere un nuovo cucciolo | Allevamento Della Regina Golden Retriever Americano &amp; Shiba Inu\" \/>\n<meta property=\"og:description\" content=\"Leggi tutti i nostri consigli su come accogliere a casa il tuo nuovo cucciolo, per farlo sentire da subito un amato membro della famiglia!\" \/>\n<meta property=\"og:url\" content=\"https:\/\/allevamentodellaregina.it\/fr\/accogliere-un-nuovo-cucciolo\/\" \/>\n<meta property=\"og:site_name\" content=\"Allevamento Della Regina Golden Retriever Americano &amp; Shiba Inu\" \/>\n<meta property=\"article:publisher\" content=\"https:\/\/www.facebook.com\/profile.php?id=100063862758647\" \/>\n<meta property=\"article:modified_time\" content=\"2024-06-03T13:58:37+00:00\" \/>\n<meta property=\"og:image\" content=\"https:\/\/allevamentodellaregina.it\/wp-content\/uploads\/2022\/10\/shiba-inu-akai-senshi.jpg\" \/>\n\t<meta property=\"og:image:width\" content=\"1800\" \/>\n\t<meta property=\"og:image:height\" content=\"800\" \/>\n\t<meta property=\"og:image:type\" content=\"image\/jpeg\" \/>\n<meta name=\"twitter:card\" content=\"summary_large_image\" \/>\n<meta name=\"twitter:label1\" content=\"Dur\u00e9e de lecture estim\u00e9e\" \/>\n\t<meta name=\"twitter:data1\" content=\"5 minutes\" \/>\n<script type=\"application\/ld+json\" class=\"yoast-schema-graph\">{\"@context\":\"https:\/\/schema.org\",\"@graph\":[{\"@type\":\"WebPage\",\"@id\":\"https:\/\/allevamentodellaregina.it\/accogliere-un-nuovo-cucciolo\/\",\"url\":\"https:\/\/allevamentodellaregina.it\/accogliere-un-nuovo-cucciolo\/\",\"name\":\"Come accogliere un nuovo cucciolo | Allevamento Della Regina Golden Retriever Americano &amp; Shiba Inu\",\"isPartOf\":{\"@id\":\"https:\/\/allevamentodellaregina.it\/#website\"},\"primaryImageOfPage\":{\"@id\":\"https:\/\/allevamentodellaregina.it\/accogliere-un-nuovo-cucciolo\/#primaryimage\"},\"image\":{\"@id\":\"https:\/\/allevamentodellaregina.it\/accogliere-un-nuovo-cucciolo\/#primaryimage\"},\"thumbnailUrl\":\"https:\/\/allevamentodellaregina.it\/wp-content\/uploads\/2022\/10\/shiba-inu-akai-senshi.jpg\",\"datePublished\":\"2018-05-10T16:13:51+00:00\",\"dateModified\":\"2024-06-03T13:58:37+00:00\",\"description\":\"Leggi tutti i nostri consigli su come accogliere a casa il tuo nuovo cucciolo, per farlo sentire da subito un amato membro della famiglia!\",\"breadcrumb\":{\"@id\":\"https:\/\/allevamentodellaregina.it\/accogliere-un-nuovo-cucciolo\/#breadcrumb\"},\"inLanguage\":\"fr-FR\",\"potentialAction\":[{\"@type\":\"ReadAction\",\"target\":[\"https:\/\/allevamentodellaregina.it\/accogliere-un-nuovo-cucciolo\/\"]}]},{\"@type\":\"ImageObject\",\"inLanguage\":\"fr-FR\",\"@id\":\"https:\/\/allevamentodellaregina.it\/accogliere-un-nuovo-cucciolo\/#primaryimage\",\"url\":\"https:\/\/allevamentodellaregina.it\/wp-content\/uploads\/2022\/10\/shiba-inu-akai-senshi.jpg\",\"contentUrl\":\"https:\/\/allevamentodellaregina.it\/wp-content\/uploads\/2022\/10\/shiba-inu-akai-senshi.jpg\",\"width\":1800,\"height\":800},{\"@type\":\"BreadcrumbList\",\"@id\":\"https:\/\/allevamentodellaregina.it\/accogliere-un-nuovo-cucciolo\/#breadcrumb\",\"itemListElement\":[{\"@type\":\"ListItem\",\"position\":1,\"name\":\"Home\",\"item\":\"https:\/\/allevamentodellaregina.it\/\"},{\"@type\":\"ListItem\",\"position\":2,\"name\":\"Come accogliere un nuovo cucciolo\"}]},{\"@type\":\"WebSite\",\"@id\":\"https:\/\/allevamentodellaregina.it\/#website\",\"url\":\"https:\/\/allevamentodellaregina.it\/\",\"name\":\"Allevamento Della Regina Golden Retriever Americano &amp; Shiba Inu\",\"description\":\"Allevamento Golden Retriever Americano &amp; Shiba Inu\",\"publisher\":{\"@id\":\"https:\/\/allevamentodellaregina.it\/#organization\"},\"potentialAction\":[{\"@type\":\"SearchAction\",\"target\":{\"@type\":\"EntryPoint\",\"urlTemplate\":\"https:\/\/allevamentodellaregina.it\/?s={search_term_string}\"},\"query-input\":{\"@type\":\"PropertyValueSpecification\",\"valueRequired\":true,\"valueName\":\"search_term_string\"}}],\"inLanguage\":\"fr-FR\"},{\"@type\":\"Organization\",\"@id\":\"https:\/\/allevamentodellaregina.it\/#organization\",\"name\":\"Allevamento Della Regina\",\"alternateName\":\"Allevamento Della Regina\",\"url\":\"https:\/\/allevamentodellaregina.it\/\",\"logo\":{\"@type\":\"ImageObject\",\"inLanguage\":\"fr-FR\",\"@id\":\"https:\/\/allevamentodellaregina.it\/#\/schema\/logo\/image\/\",\"url\":\"https:\/\/allevamentodellaregina.it\/wp-content\/uploads\/2022\/08\/akai-senshi-allevamento-shiba-inu-golden-retriever-italia.png\",\"contentUrl\":\"https:\/\/allevamentodellaregina.it\/wp-content\/uploads\/2022\/08\/akai-senshi-allevamento-shiba-inu-golden-retriever-italia.png\",\"width\":1114,\"height\":201,\"caption\":\"Allevamento Della Regina\"},\"image\":{\"@id\":\"https:\/\/allevamentodellaregina.it\/#\/schema\/logo\/image\/\"},\"sameAs\":[\"https:\/\/www.facebook.com\/profile.php?id=100063862758647\",\"https:\/\/www.instagram.com\/american_golden_shiba_inu\/\",\"https:\/\/www.tiktok.com\/@akaisenshigoldenshiba\"]}]}<\/script>\n<!-- \/ Yoast SEO plugin. -->","yoast_head_json":{"title":"Come accogliere un nuovo cucciolo | Allevamento Della Regina Golden Retriever Americano &amp; Shiba Inu","description":"Leggi tutti i nostri consigli su come accogliere a casa il tuo nuovo cucciolo, per farlo sentire da subito un amato membro della famiglia!","robots":{"index":"index","follow":"follow","max-snippet":"max-snippet:-1","max-image-preview":"max-image-preview:large","max-video-preview":"max-video-preview:-1"},"canonical":"https:\/\/allevamentodellaregina.it\/fr\/accogliere-un-nuovo-cucciolo\/","og_locale":"fr_FR","og_type":"article","og_title":"Come accogliere un nuovo cucciolo | Allevamento Della Regina Golden Retriever Americano &amp; Shiba Inu","og_description":"Leggi tutti i nostri consigli su come accogliere a casa il tuo nuovo cucciolo, per farlo sentire da subito un amato membro della famiglia!","og_url":"https:\/\/allevamentodellaregina.it\/fr\/accogliere-un-nuovo-cucciolo\/","og_site_name":"Allevamento Della Regina Golden Retriever Americano &amp; Shiba Inu","article_publisher":"https:\/\/www.facebook.com\/profile.php?id=100063862758647","article_modified_time":"2024-06-03T13:58:37+00:00","og_image":[{"width":1800,"height":800,"url":"https:\/\/allevamentodellaregina.it\/wp-content\/uploads\/2022\/10\/shiba-inu-akai-senshi.jpg","type":"image\/jpeg"}],"twitter_card":"summary_large_image","twitter_misc":{"Dur\u00e9e de lecture estim\u00e9e":"5 minutes"},"schema":{"@context":"https:\/\/schema.org","@graph":[{"@type":"WebPage","@id":"https:\/\/allevamentodellaregina.it\/accogliere-un-nuovo-cucciolo\/","url":"https:\/\/allevamentodellaregina.it\/accogliere-un-nuovo-cucciolo\/","name":"Come accogliere un nuovo cucciolo | Allevamento Della Regina Golden Retriever Americano &amp; Shiba Inu","isPartOf":{"@id":"https:\/\/allevamentodellaregina.it\/#website"},"primaryImageOfPage":{"@id":"https:\/\/allevamentodellaregina.it\/accogliere-un-nuovo-cucciolo\/#primaryimage"},"image":{"@id":"https:\/\/allevamentodellaregina.it\/accogliere-un-nuovo-cucciolo\/#primaryimage"},"thumbnailUrl":"https:\/\/allevamentodellaregina.it\/wp-content\/uploads\/2022\/10\/shiba-inu-akai-senshi.jpg","datePublished":"2018-05-10T16:13:51+00:00","dateModified":"2024-06-03T13:58:37+00:00","description":"Leggi tutti i nostri consigli su come accogliere a casa il tuo nuovo cucciolo, per farlo sentire da subito un amato membro della famiglia!","breadcrumb":{"@id":"https:\/\/allevamentodellaregina.it\/accogliere-un-nuovo-cucciolo\/#breadcrumb"},"inLanguage":"fr-FR","potentialAction":[{"@type":"ReadAction","target":["https:\/\/allevamentodellaregina.it\/accogliere-un-nuovo-cucciolo\/"]}]},{"@type":"ImageObject","inLanguage":"fr-FR","@id":"https:\/\/allevamentodellaregina.it\/accogliere-un-nuovo-cucciolo\/#primaryimage","url":"https:\/\/allevamentodellaregina.it\/wp-content\/uploads\/2022\/10\/shiba-inu-akai-senshi.jpg","contentUrl":"https:\/\/allevamentodellaregina.it\/wp-content\/uploads\/2022\/10\/shiba-inu-akai-senshi.jpg","width":1800,"height":800},{"@type":"BreadcrumbList","@id":"https:\/\/allevamentodellaregina.it\/accogliere-un-nuovo-cucciolo\/#breadcrumb","itemListElement":[{"@type":"ListItem","position":1,"name":"Home","item":"https:\/\/allevamentodellaregina.it\/"},{"@type":"ListItem","position":2,"name":"Come accogliere un nuovo cucciolo"}]},{"@type":"WebSite","@id":"https:\/\/allevamentodellaregina.it\/#website","url":"https:\/\/allevamentodellaregina.it\/","name":"Allevamento Della Regina Golden Retriever Americano &amp; Shiba Inu","description":"Allevamento Golden Retriever Americano &amp; Shiba Inu","publisher":{"@id":"https:\/\/allevamentodellaregina.it\/#organization"},"potentialAction":[{"@type":"SearchAction","target":{"@type":"EntryPoint","urlTemplate":"https:\/\/allevamentodellaregina.it\/?s={search_term_string}"},"query-input":{"@type":"PropertyValueSpecification","valueRequired":true,"valueName":"search_term_string"}}],"inLanguage":"fr-FR"},{"@type":"Organization","@id":"https:\/\/allevamentodellaregina.it\/#organization","name":"Allevamento Della Regina","alternateName":"Allevamento Della Regina","url":"https:\/\/allevamentodellaregina.it\/","logo":{"@type":"ImageObject","inLanguage":"fr-FR","@id":"https:\/\/allevamentodellaregina.it\/#\/schema\/logo\/image\/","url":"https:\/\/allevamentodellaregina.it\/wp-content\/uploads\/2022\/08\/akai-senshi-allevamento-shiba-inu-golden-retriever-italia.png","contentUrl":"https:\/\/allevamentodellaregina.it\/wp-content\/uploads\/2022\/08\/akai-senshi-allevamento-shiba-inu-golden-retriever-italia.png","width":1114,"height":201,"caption":"Allevamento Della Regina"},"image":{"@id":"https:\/\/allevamentodellaregina.it\/#\/schema\/logo\/image\/"},"sameAs":["https:\/\/www.facebook.com\/profile.php?id=100063862758647","https:\/\/www.instagram.com\/american_golden_shiba_inu\/","https:\/\/www.tiktok.com\/@akaisenshigoldenshiba"]}]}},"_links":{"self":[{"href":"https:\/\/allevamentodellaregina.it\/fr\/wp-json\/wp\/v2\/pages\/113"}],"collection":[{"href":"https:\/\/allevamentodellaregina.it\/fr\/wp-json\/wp\/v2\/pages"}],"about":[{"href":"https:\/\/allevamentodellaregina.it\/fr\/wp-json\/wp\/v2\/types\/page"}],"author":[{"embeddable":true,"href":"https:\/\/allevamentodellaregina.it\/fr\/wp-json\/wp\/v2\/users\/1"}],"replies":[{"embeddable":true,"href":"https:\/\/allevamentodellaregina.it\/fr\/wp-json\/wp\/v2\/comments?post=113"}],"version-history":[{"count":1,"href":"https:\/\/allevamentodellaregina.it\/fr\/wp-json\/wp\/v2\/pages\/113\/revisions"}],"predecessor-version":[{"id":1138,"href":"https:\/\/allevamentodellaregina.it\/fr\/wp-json\/wp\/v2\/pages\/113\/revisions\/1138"}],"wp:featuredmedia":[{"embeddable":true,"href":"https:\/\/allevamentodellaregina.it\/fr\/wp-json\/wp\/v2\/media\/783"}],"wp:attachment":[{"href":"https:\/\/allevamentodellaregina.it\/fr\/wp-json\/wp\/v2\/media?parent=113"}],"curies":[{"name":"wp","href":"https:\/\/api.w.org\/{rel}","templated":true}]}}