{"id":1117,"date":"2024-05-24T10:33:03","date_gmt":"2024-05-24T08:33:03","guid":{"rendered":"https:\/\/allevamentodellaregina.it\/?page_id=1117"},"modified":"2024-05-24T13:57:24","modified_gmt":"2024-05-24T11:57:24","slug":"i-nostri-cuccioli-nel-mondo","status":"publish","type":"page","link":"https:\/\/allevamentodellaregina.it\/fr\/i-nostri-cuccioli-nel-mondo\/","title":{"rendered":"Chiots dans le monde"},"content":{"rendered":"<div class=\"clear full-width-section\" ><div class=\"block-wrapper section\"><div class=\"section-wrapper container\"><div class=\"sec-bg-fancy\"><div class=\"row-layout  row\"><div class=\"wpb_column vc_column_container vc_col-sm-12\"><div class=\"vc_column-inner\"><div class=\"wpb_wrapper\"><div class=\"sec-text\"><div class=\"section-content\" style=\"\"><p>\n<p style=\"text-align: center;\">Beaucoup de nos chiots ont \u00e9t\u00e9 adopt\u00e9s par des familles et des \u00e9leveurs notamment en Suisse, France, Allemagne, Angleterre, Malte, voyageant \u00e0 bord de v\u00e9hicules autoris\u00e9s et certifi\u00e9s pour le transport d'animaux.<\/p>\n<\/p><\/div><\/div><div class=\"vc_empty_space\"   style=\"height: 32px\"><span class=\"vc_empty_space_inner\"><\/span><\/div>\n\t<div class=\"wpb_raw_code wpb_content_element wpb_raw_html\" >\n\t\t<div class=\"wpb_wrapper\">\n\t\t\t<div class=\"map_wrapper\" id=\"map_wrapper_626\">\n<div class=\"map_box\" style=\"max-width:2000px\">\n<div class=\"map_aspect_ratio\" style=\"padding-top:56%\" data-padding-top=\"56%\" data-padding-top-mobile=\"0%\">\n<div class=\"map_container\">\n<div class=\"map_render map_loading\" id=\"map_626\"><\/div>\n<\/div>\n<\/div>\n<\/div>\n<\/div>\n\t\t<\/div>\n\t<\/div>\n<div class=\"port-vc\"><div class=\"mt-5 gallery-isotope\"><div class=\"col-lg-3 col-sm-6 col-md-6 mondo\"><div class=\"gallery-thumb\"><img decoding=\"async\" class=\"img-fluid\" src=\"https:\/\/allevamentodellaregina.it\/wp-content\/uploads\/2023\/07\/germania-3-cuccioli-allevamento-dalla-regina-754x800.jpeg\" alt=\"\" \/><a href=\"https:\/\/allevamentodellaregina.it\/wp-content\/uploads\/2023\/07\/germania-3-cuccioli-allevamento-dalla-regina-754x800.jpeg\" title=\"I nostri cuccioli in Germania\"><span class=\"overlay-mask\"><\/span><\/a><span class=\"overlay-mask\"><\/span><\/a><\/div><\/div><div class=\"col-lg-3 col-sm-6 col-md-6 mondo\"><div class=\"gallery-thumb\"><img decoding=\"async\" class=\"img-fluid\" src=\"https:\/\/allevamentodellaregina.it\/wp-content\/uploads\/2023\/07\/svizzera-cuccioli-allevamento-dalla-regina-800x800.jpeg\" alt=\"\" \/><a href=\"https:\/\/allevamentodellaregina.it\/wp-content\/uploads\/2023\/07\/svizzera-cuccioli-allevamento-dalla-regina-800x800.jpeg\" title=\"I nostri cuccioli in Svizzera\"><span class=\"overlay-mask\"><\/span><\/a><span class=\"overlay-mask\"><\/span><\/a><\/div><\/div><div class=\"col-lg-3 col-sm-6 col-md-6 mondo\"><div class=\"gallery-thumb\"><img decoding=\"async\" class=\"img-fluid\" src=\"https:\/\/allevamentodellaregina.it\/wp-content\/uploads\/2023\/07\/ungheria-cuccioli-allevamento-dalla-regina-800x800.jpeg\" alt=\"\" \/><a href=\"https:\/\/allevamentodellaregina.it\/wp-content\/uploads\/2023\/07\/ungheria-cuccioli-allevamento-dalla-regina-800x800.jpeg\" title=\"I nostri cuccioli in Ungheria\"><span class=\"overlay-mask\"><\/span><\/a><span class=\"overlay-mask\"><\/span><\/a><\/div><\/div><div class=\"col-lg-3 col-sm-6 col-md-6 mondo\"><div class=\"gallery-thumb\"><img decoding=\"async\" class=\"img-fluid\" src=\"https:\/\/allevamentodellaregina.it\/wp-content\/uploads\/2023\/07\/austria-cuccioli-allevamento-dalla-regina-605x800.jpeg\" alt=\"\" \/><a href=\"https:\/\/allevamentodellaregina.it\/wp-content\/uploads\/2023\/07\/austria-cuccioli-allevamento-dalla-regina-605x800.jpeg\" title=\"I nostri cuccioli in Austria\"><span class=\"overlay-mask\"><\/span><\/a><span class=\"overlay-mask\"><\/span><\/a><\/div><\/div><div class=\"col-lg-3 col-sm-6 col-md-6 mondo\"><div class=\"gallery-thumb\"><img decoding=\"async\" class=\"img-fluid\" src=\"https:\/\/allevamentodellaregina.it\/wp-content\/uploads\/2023\/07\/belgio-cuccioli-allevamento-dalla-regina-800x800.jpeg\" alt=\"\" \/><a href=\"https:\/\/allevamentodellaregina.it\/wp-content\/uploads\/2023\/07\/belgio-cuccioli-allevamento-dalla-regina-800x800.jpeg\" title=\"I nostri cuccioli in Belgio\"><span class=\"overlay-mask\"><\/span><\/a><span class=\"overlay-mask\"><\/span><\/a><\/div><\/div><div class=\"col-lg-3 col-sm-6 col-md-6 mondo\"><div class=\"gallery-thumb\"><img decoding=\"async\" class=\"img-fluid\" src=\"https:\/\/allevamentodellaregina.it\/wp-content\/uploads\/2023\/07\/finlandia-cuccioli-allevamento-dalla-regina-800x721.jpeg\" alt=\"\" \/><a href=\"https:\/\/allevamentodellaregina.it\/wp-content\/uploads\/2023\/07\/finlandia-cuccioli-allevamento-dalla-regina-800x721.jpeg\" title=\"I nostri cuccioli in Finlandia\"><span class=\"overlay-mask\"><\/span><\/a><span class=\"overlay-mask\"><\/span><\/a><\/div><\/div><\/div><\/div><\/div><\/div><\/div><\/div><\/div><\/div><\/div><\/div>","protected":false},"excerpt":{"rendered":"","protected":false},"author":1,"featured_media":785,"parent":0,"menu_order":0,"comment_status":"closed","ping_status":"closed","template":"","meta":{"footnotes":""},"yoast_head":"<!-- This site is optimized with the Yoast SEO plugin v23.9 - https:\/\/yoast.com\/wordpress\/plugins\/seo\/ -->\n<title>I nostri cuccioli nel mondo | Allevamento Della Regina Golden Retriever Americano &amp; Shiba Inu I nostri cuccioli nel mondo | All<\/title>\n<meta name=\"description\" content=\"Molti dei nostri cuccioli sono stati adottati da famiglie e allevatori di tutto il mondo. Contattaci per prenotare il tuo cucciolo!\" \/>\n<meta name=\"robots\" content=\"index, follow, max-snippet:-1, max-image-preview:large, max-video-preview:-1\" \/>\n<link rel=\"canonical\" href=\"https:\/\/allevamentodellaregina.it\/fr\/i-nostri-cuccioli-nel-mondo\/\" \/>\n<meta property=\"og:locale\" content=\"fr_FR\" \/>\n<meta property=\"og:type\" content=\"article\" \/>\n<meta property=\"og:title\" content=\"I nostri cuccioli nel mondo | Allevamento Della Regina Golden Retriever Americano &amp; Shiba Inu I nostri cuccioli nel mondo | All\" \/>\n<meta property=\"og:description\" content=\"Molti dei nostri cuccioli sono stati adottati da famiglie e allevatori di tutto il mondo. Contattaci per prenotare il tuo cucciolo!\" \/>\n<meta property=\"og:url\" content=\"https:\/\/allevamentodellaregina.it\/fr\/i-nostri-cuccioli-nel-mondo\/\" \/>\n<meta property=\"og:site_name\" content=\"Allevamento Della Regina Golden Retriever Americano &amp; Shiba Inu\" \/>\n<meta property=\"article:publisher\" content=\"https:\/\/www.facebook.com\/profile.php?id=100063862758647\" \/>\n<meta property=\"article:modified_time\" content=\"2024-05-24T11:57:24+00:00\" \/>\n<meta property=\"og:image\" content=\"https:\/\/allevamentodellaregina.it\/wp-content\/uploads\/2022\/10\/golden-retriever-rimini.png\" \/>\n\t<meta property=\"og:image:width\" content=\"1434\" \/>\n\t<meta property=\"og:image:height\" content=\"617\" \/>\n\t<meta property=\"og:image:type\" content=\"image\/png\" \/>\n<meta name=\"twitter:card\" content=\"summary_large_image\" \/>\n<meta name=\"twitter:label1\" content=\"Dur\u00e9e de lecture estim\u00e9e\" \/>\n\t<meta name=\"twitter:data1\" content=\"1 minute\" \/>\n<script type=\"application\/ld+json\" class=\"yoast-schema-graph\">{\"@context\":\"https:\/\/schema.org\",\"@graph\":[{\"@type\":\"WebPage\",\"@id\":\"https:\/\/allevamentodellaregina.it\/i-nostri-cuccioli-nel-mondo\/\",\"url\":\"https:\/\/allevamentodellaregina.it\/i-nostri-cuccioli-nel-mondo\/\",\"name\":\"I nostri cuccioli nel mondo | Allevamento Della Regina Golden Retriever Americano &amp; Shiba Inu I nostri cuccioli nel mondo | All\",\"isPartOf\":{\"@id\":\"https:\/\/allevamentodellaregina.it\/#website\"},\"primaryImageOfPage\":{\"@id\":\"https:\/\/allevamentodellaregina.it\/i-nostri-cuccioli-nel-mondo\/#primaryimage\"},\"image\":{\"@id\":\"https:\/\/allevamentodellaregina.it\/i-nostri-cuccioli-nel-mondo\/#primaryimage\"},\"thumbnailUrl\":\"https:\/\/allevamentodellaregina.it\/wp-content\/uploads\/2022\/10\/golden-retriever-rimini.png\",\"datePublished\":\"2024-05-24T08:33:03+00:00\",\"dateModified\":\"2024-05-24T11:57:24+00:00\",\"description\":\"Molti dei nostri cuccioli sono stati adottati da famiglie e allevatori di tutto il mondo. Contattaci per prenotare il tuo cucciolo!\",\"breadcrumb\":{\"@id\":\"https:\/\/allevamentodellaregina.it\/i-nostri-cuccioli-nel-mondo\/#breadcrumb\"},\"inLanguage\":\"fr-FR\",\"potentialAction\":[{\"@type\":\"ReadAction\",\"target\":[\"https:\/\/allevamentodellaregina.it\/i-nostri-cuccioli-nel-mondo\/\"]}]},{\"@type\":\"ImageObject\",\"inLanguage\":\"fr-FR\",\"@id\":\"https:\/\/allevamentodellaregina.it\/i-nostri-cuccioli-nel-mondo\/#primaryimage\",\"url\":\"https:\/\/allevamentodellaregina.it\/wp-content\/uploads\/2022\/10\/golden-retriever-rimini.png\",\"contentUrl\":\"https:\/\/allevamentodellaregina.it\/wp-content\/uploads\/2022\/10\/golden-retriever-rimini.png\",\"width\":1434,\"height\":617},{\"@type\":\"BreadcrumbList\",\"@id\":\"https:\/\/allevamentodellaregina.it\/i-nostri-cuccioli-nel-mondo\/#breadcrumb\",\"itemListElement\":[{\"@type\":\"ListItem\",\"position\":1,\"name\":\"Home\",\"item\":\"https:\/\/allevamentodellaregina.it\/\"},{\"@type\":\"ListItem\",\"position\":2,\"name\":\"I nostri cuccioli nel mondo\"}]},{\"@type\":\"WebSite\",\"@id\":\"https:\/\/allevamentodellaregina.it\/#website\",\"url\":\"https:\/\/allevamentodellaregina.it\/\",\"name\":\"Allevamento Della Regina Golden Retriever Americano &amp; Shiba Inu\",\"description\":\"Allevamento Golden Retriever Americano &amp; Shiba Inu\",\"publisher\":{\"@id\":\"https:\/\/allevamentodellaregina.it\/#organization\"},\"potentialAction\":[{\"@type\":\"SearchAction\",\"target\":{\"@type\":\"EntryPoint\",\"urlTemplate\":\"https:\/\/allevamentodellaregina.it\/?s={search_term_string}\"},\"query-input\":{\"@type\":\"PropertyValueSpecification\",\"valueRequired\":true,\"valueName\":\"search_term_string\"}}],\"inLanguage\":\"fr-FR\"},{\"@type\":\"Organization\",\"@id\":\"https:\/\/allevamentodellaregina.it\/#organization\",\"name\":\"Allevamento Della Regina\",\"alternateName\":\"Allevamento Della Regina\",\"url\":\"https:\/\/allevamentodellaregina.it\/\",\"logo\":{\"@type\":\"ImageObject\",\"inLanguage\":\"fr-FR\",\"@id\":\"https:\/\/allevamentodellaregina.it\/#\/schema\/logo\/image\/\",\"url\":\"https:\/\/allevamentodellaregina.it\/wp-content\/uploads\/2022\/08\/akai-senshi-allevamento-shiba-inu-golden-retriever-italia.png\",\"contentUrl\":\"https:\/\/allevamentodellaregina.it\/wp-content\/uploads\/2022\/08\/akai-senshi-allevamento-shiba-inu-golden-retriever-italia.png\",\"width\":1114,\"height\":201,\"caption\":\"Allevamento Della Regina\"},\"image\":{\"@id\":\"https:\/\/allevamentodellaregina.it\/#\/schema\/logo\/image\/\"},\"sameAs\":[\"https:\/\/www.facebook.com\/profile.php?id=100063862758647\",\"https:\/\/www.instagram.com\/american_golden_shiba_inu\/\",\"https:\/\/www.tiktok.com\/@akaisenshigoldenshiba\"]}]}<\/script>\n<!-- \/ Yoast SEO plugin. -->","yoast_head_json":{"title":"I nostri cuccioli nel mondo | Allevamento Della Regina Golden Retriever Americano &amp; Shiba Inu I nostri cuccioli nel mondo | All","description":"Molti dei nostri cuccioli sono stati adottati da famiglie e allevatori di tutto il mondo. Contattaci per prenotare il tuo cucciolo!","robots":{"index":"index","follow":"follow","max-snippet":"max-snippet:-1","max-image-preview":"max-image-preview:large","max-video-preview":"max-video-preview:-1"},"canonical":"https:\/\/allevamentodellaregina.it\/fr\/i-nostri-cuccioli-nel-mondo\/","og_locale":"fr_FR","og_type":"article","og_title":"I nostri cuccioli nel mondo | Allevamento Della Regina Golden Retriever Americano &amp; Shiba Inu I nostri cuccioli nel mondo | All","og_description":"Molti dei nostri cuccioli sono stati adottati da famiglie e allevatori di tutto il mondo. Contattaci per prenotare il tuo cucciolo!","og_url":"https:\/\/allevamentodellaregina.it\/fr\/i-nostri-cuccioli-nel-mondo\/","og_site_name":"Allevamento Della Regina Golden Retriever Americano &amp; Shiba Inu","article_publisher":"https:\/\/www.facebook.com\/profile.php?id=100063862758647","article_modified_time":"2024-05-24T11:57:24+00:00","og_image":[{"width":1434,"height":617,"url":"https:\/\/allevamentodellaregina.it\/wp-content\/uploads\/2022\/10\/golden-retriever-rimini.png","type":"image\/png"}],"twitter_card":"summary_large_image","twitter_misc":{"Dur\u00e9e de lecture estim\u00e9e":"1 minute"},"schema":{"@context":"https:\/\/schema.org","@graph":[{"@type":"WebPage","@id":"https:\/\/allevamentodellaregina.it\/i-nostri-cuccioli-nel-mondo\/","url":"https:\/\/allevamentodellaregina.it\/i-nostri-cuccioli-nel-mondo\/","name":"I nostri cuccioli nel mondo | Allevamento Della Regina Golden Retriever Americano &amp; Shiba Inu I nostri cuccioli nel mondo | All","isPartOf":{"@id":"https:\/\/allevamentodellaregina.it\/#website"},"primaryImageOfPage":{"@id":"https:\/\/allevamentodellaregina.it\/i-nostri-cuccioli-nel-mondo\/#primaryimage"},"image":{"@id":"https:\/\/allevamentodellaregina.it\/i-nostri-cuccioli-nel-mondo\/#primaryimage"},"thumbnailUrl":"https:\/\/allevamentodellaregina.it\/wp-content\/uploads\/2022\/10\/golden-retriever-rimini.png","datePublished":"2024-05-24T08:33:03+00:00","dateModified":"2024-05-24T11:57:24+00:00","description":"Molti dei nostri cuccioli sono stati adottati da famiglie e allevatori di tutto il mondo. Contattaci per prenotare il tuo cucciolo!","breadcrumb":{"@id":"https:\/\/allevamentodellaregina.it\/i-nostri-cuccioli-nel-mondo\/#breadcrumb"},"inLanguage":"fr-FR","potentialAction":[{"@type":"ReadAction","target":["https:\/\/allevamentodellaregina.it\/i-nostri-cuccioli-nel-mondo\/"]}]},{"@type":"ImageObject","inLanguage":"fr-FR","@id":"https:\/\/allevamentodellaregina.it\/i-nostri-cuccioli-nel-mondo\/#primaryimage","url":"https:\/\/allevamentodellaregina.it\/wp-content\/uploads\/2022\/10\/golden-retriever-rimini.png","contentUrl":"https:\/\/allevamentodellaregina.it\/wp-content\/uploads\/2022\/10\/golden-retriever-rimini.png","width":1434,"height":617},{"@type":"BreadcrumbList","@id":"https:\/\/allevamentodellaregina.it\/i-nostri-cuccioli-nel-mondo\/#breadcrumb","itemListElement":[{"@type":"ListItem","position":1,"name":"Home","item":"https:\/\/allevamentodellaregina.it\/"},{"@type":"ListItem","position":2,"name":"I nostri cuccioli nel mondo"}]},{"@type":"WebSite","@id":"https:\/\/allevamentodellaregina.it\/#website","url":"https:\/\/allevamentodellaregina.it\/","name":"Allevamento Della Regina Golden Retriever Americano &amp; Shiba Inu","description":"Allevamento Golden Retriever Americano &amp; Shiba Inu","publisher":{"@id":"https:\/\/allevamentodellaregina.it\/#organization"},"potentialAction":[{"@type":"SearchAction","target":{"@type":"EntryPoint","urlTemplate":"https:\/\/allevamentodellaregina.it\/?s={search_term_string}"},"query-input":{"@type":"PropertyValueSpecification","valueRequired":true,"valueName":"search_term_string"}}],"inLanguage":"fr-FR"},{"@type":"Organization","@id":"https:\/\/allevamentodellaregina.it\/#organization","name":"Allevamento Della Regina","alternateName":"Allevamento Della Regina","url":"https:\/\/allevamentodellaregina.it\/","logo":{"@type":"ImageObject","inLanguage":"fr-FR","@id":"https:\/\/allevamentodellaregina.it\/#\/schema\/logo\/image\/","url":"https:\/\/allevamentodellaregina.it\/wp-content\/uploads\/2022\/08\/akai-senshi-allevamento-shiba-inu-golden-retriever-italia.png","contentUrl":"https:\/\/allevamentodellaregina.it\/wp-content\/uploads\/2022\/08\/akai-senshi-allevamento-shiba-inu-golden-retriever-italia.png","width":1114,"height":201,"caption":"Allevamento Della Regina"},"image":{"@id":"https:\/\/allevamentodellaregina.it\/#\/schema\/logo\/image\/"},"sameAs":["https:\/\/www.facebook.com\/profile.php?id=100063862758647","https:\/\/www.instagram.com\/american_golden_shiba_inu\/","https:\/\/www.tiktok.com\/@akaisenshigoldenshiba"]}]}},"_links":{"self":[{"href":"https:\/\/allevamentodellaregina.it\/fr\/wp-json\/wp\/v2\/pages\/1117"}],"collection":[{"href":"https:\/\/allevamentodellaregina.it\/fr\/wp-json\/wp\/v2\/pages"}],"about":[{"href":"https:\/\/allevamentodellaregina.it\/fr\/wp-json\/wp\/v2\/types\/page"}],"author":[{"embeddable":true,"href":"https:\/\/allevamentodellaregina.it\/fr\/wp-json\/wp\/v2\/users\/1"}],"replies":[{"embeddable":true,"href":"https:\/\/allevamentodellaregina.it\/fr\/wp-json\/wp\/v2\/comments?post=1117"}],"version-history":[{"count":15,"href":"https:\/\/allevamentodellaregina.it\/fr\/wp-json\/wp\/v2\/pages\/1117\/revisions"}],"predecessor-version":[{"id":1121,"href":"https:\/\/allevamentodellaregina.it\/fr\/wp-json\/wp\/v2\/pages\/1117\/revisions\/1121"}],"wp:featuredmedia":[{"embeddable":true,"href":"https:\/\/allevamentodellaregina.it\/fr\/wp-json\/wp\/v2\/media\/785"}],"wp:attachment":[{"href":"https:\/\/allevamentodellaregina.it\/fr\/wp-json\/wp\/v2\/media?parent=1117"}],"curies":[{"name":"wp","href":"https:\/\/api.w.org\/{rel}","templated":true}]}}