{"id":629,"date":"2022-08-18T15:01:19","date_gmt":"2022-08-18T13:01:19","guid":{"rendered":"https:\/\/akaisenshi.ch\/?page_id=629"},"modified":"2024-11-28T15:29:46","modified_gmt":"2024-11-28T14:29:46","slug":"caratteristiche-shiba-inu","status":"publish","type":"page","link":"https:\/\/allevamentodellaregina.it\/en\/caratteristiche-shiba-inu\/","title":{"rendered":"Characteristics Shiba Inu"},"content":{"rendered":"<div class=\"clear full-width-section    woof-icon-row flaticon-animal-prints\" ><div class=\"block-wrapper\" style=' padding-top:80px; padding-bottom:80px;'><div class=\"section-wrapper container\"><div class=\"sec-bg-fancy\"><div class=\"row-layout  row\"><div class=\"wpb_column vc_column_container vc_col-sm-12\"><div class=\"vc_column-inner\"><div class=\"wpb_wrapper\"><div class=\"vc_row wpb_row vc_inner vc_row-fluid\"><div class=\"wpb_column vc_column_container vc_col-sm-12\"><div class=\"vc_column-inner\"><div class=\"wpb_wrapper\"><div class=\"sec-text  custom pl-0\"><div class=\"section-content\" style=\"\"><p>\n<p dir=\"ltr\" class=\" translation-block\">It is a <strong>well-proportioned<\/strong> small spitz-type dog, <strong>muscular<\/strong> and <strong>agile<\/strong>, with a <strong>strong constitution<\/strong> and fast movement ; the coat is medium and made up of two types of hair: the rough and straight outer coat, and the soft and very thick undercoat, subject to periodic moulting. The colors allowed by the standard are <strong>red<\/strong>, <strong>black and tan<\/strong> and <strong>sesame<\/strong>, <strong>red sesame<\/strong> and <strong>black sesame<\/strong>. The height varies from 36cm to 41cm for a <strong>weight between 9 and 13kg<\/strong>, depending on gender. The Shiba is a very healthy breed, but like all breeds it also suffers from some \"typical pathologies\" such as:<\/p>\n<ul>\n<li dir=\"ltr\">Hip dysplasia<\/li>\n<li dir=\"ltr\">Oculopathies<\/li>\n<\/ul>\n<p dir=\"ltr\" class=\" translation-block\">However, it is a <strong>very long-lived<\/strong> dog that can even reach <strong>16-18 years of age<\/strong>.<\/p>\n<p dir=\"ltr\" class=\" translation-block\">The Shiba Inu has a <strong>strong personality<\/strong>, endowed with great <strong>decision-making capacity and independence<\/strong>, they are very intelligent dogs but not always inclined to put their intelligence at our disposal; despite their size, they are <strong>very active and energetic dogs<\/strong>. Famous for being <strong>very clean animals<\/strong> and with <strong>practically odorless fur<\/strong>, they need daily physical exercise and decisive but never coercive education.<\/p>\n<p dir=\"ltr\">In recent years, especially in the USA and Northern Europe, they have also been employed in sports disciplines such as agility, achieving good results.<\/p>\n<\/p><\/div><\/div><\/div><\/div><\/div><\/div><\/div><\/div><\/div><\/div><\/div><\/div><\/div><\/div>","protected":false},"excerpt":{"rendered":"\u00c8 un piccolo cane di tipo spitz ben proporzionato, muscoloso e agile, di forte costituzione e con un movimento veloce;","protected":false},"author":1,"featured_media":783,"parent":0,"menu_order":0,"comment_status":"closed","ping_status":"closed","template":"","meta":{"footnotes":""},"yoast_head":"<!-- This site is optimized with the Yoast SEO plugin v23.9 - https:\/\/yoast.com\/wordpress\/plugins\/seo\/ -->\n<title>Caratteristiche Shiba Inu | Cuccioli Allevamento della Regina Rimini<\/title>\n<meta name=\"description\" content=\"Lo Shiba Inu ha una forte personalit\u00e0, dotata di grande capacit\u00e0 decisionale e indipendenza. Scopri di pi\u00f9 sui nostri cuccioli di Shiba Inu!\" \/>\n<meta name=\"robots\" content=\"index, follow, max-snippet:-1, max-image-preview:large, max-video-preview:-1\" \/>\n<link rel=\"canonical\" href=\"https:\/\/allevamentodellaregina.it\/en\/caratteristiche-shiba-inu\/\" \/>\n<meta property=\"og:locale\" content=\"en_US\" \/>\n<meta property=\"og:type\" content=\"article\" \/>\n<meta property=\"og:title\" content=\"Caratteristiche Shiba Inu | Cuccioli Allevamento della Regina Rimini\" \/>\n<meta property=\"og:description\" content=\"Lo Shiba Inu ha una forte personalit\u00e0, dotata di grande capacit\u00e0 decisionale e indipendenza. Scopri di pi\u00f9 sui nostri cuccioli di Shiba Inu!\" \/>\n<meta property=\"og:url\" content=\"https:\/\/allevamentodellaregina.it\/en\/caratteristiche-shiba-inu\/\" \/>\n<meta property=\"og:site_name\" content=\"Allevamento Della Regina Golden Retriever Americano &amp; Shiba Inu\" \/>\n<meta property=\"article:publisher\" content=\"https:\/\/www.facebook.com\/profile.php?id=100063862758647\" \/>\n<meta property=\"article:modified_time\" content=\"2024-11-28T14:29:46+00:00\" \/>\n<meta property=\"og:image\" content=\"https:\/\/allevamentodellaregina.it\/wp-content\/uploads\/2022\/10\/shiba-inu-akai-senshi.jpg\" \/>\n\t<meta property=\"og:image:width\" content=\"1800\" \/>\n\t<meta property=\"og:image:height\" content=\"800\" \/>\n\t<meta property=\"og:image:type\" content=\"image\/jpeg\" \/>\n<meta name=\"twitter:card\" content=\"summary_large_image\" \/>\n<meta name=\"twitter:label1\" content=\"Est. reading time\" \/>\n\t<meta name=\"twitter:data1\" content=\"2 minutes\" \/>\n<script type=\"application\/ld+json\" class=\"yoast-schema-graph\">{\"@context\":\"https:\/\/schema.org\",\"@graph\":[{\"@type\":\"WebPage\",\"@id\":\"https:\/\/allevamentodellaregina.it\/caratteristiche-shiba-inu\/\",\"url\":\"https:\/\/allevamentodellaregina.it\/caratteristiche-shiba-inu\/\",\"name\":\"Caratteristiche Shiba Inu | Cuccioli Allevamento della Regina Rimini\",\"isPartOf\":{\"@id\":\"https:\/\/allevamentodellaregina.it\/#website\"},\"primaryImageOfPage\":{\"@id\":\"https:\/\/allevamentodellaregina.it\/caratteristiche-shiba-inu\/#primaryimage\"},\"image\":{\"@id\":\"https:\/\/allevamentodellaregina.it\/caratteristiche-shiba-inu\/#primaryimage\"},\"thumbnailUrl\":\"https:\/\/allevamentodellaregina.it\/wp-content\/uploads\/2022\/10\/shiba-inu-akai-senshi.jpg\",\"datePublished\":\"2022-08-18T13:01:19+00:00\",\"dateModified\":\"2024-11-28T14:29:46+00:00\",\"description\":\"Lo Shiba Inu ha una forte personalit\u00e0, dotata di grande capacit\u00e0 decisionale e indipendenza. Scopri di pi\u00f9 sui nostri cuccioli di Shiba Inu!\",\"breadcrumb\":{\"@id\":\"https:\/\/allevamentodellaregina.it\/caratteristiche-shiba-inu\/#breadcrumb\"},\"inLanguage\":\"en-US\",\"potentialAction\":[{\"@type\":\"ReadAction\",\"target\":[\"https:\/\/allevamentodellaregina.it\/caratteristiche-shiba-inu\/\"]}]},{\"@type\":\"ImageObject\",\"inLanguage\":\"en-US\",\"@id\":\"https:\/\/allevamentodellaregina.it\/caratteristiche-shiba-inu\/#primaryimage\",\"url\":\"https:\/\/allevamentodellaregina.it\/wp-content\/uploads\/2022\/10\/shiba-inu-akai-senshi.jpg\",\"contentUrl\":\"https:\/\/allevamentodellaregina.it\/wp-content\/uploads\/2022\/10\/shiba-inu-akai-senshi.jpg\",\"width\":1800,\"height\":800},{\"@type\":\"BreadcrumbList\",\"@id\":\"https:\/\/allevamentodellaregina.it\/caratteristiche-shiba-inu\/#breadcrumb\",\"itemListElement\":[{\"@type\":\"ListItem\",\"position\":1,\"name\":\"Home\",\"item\":\"https:\/\/allevamentodellaregina.it\/\"},{\"@type\":\"ListItem\",\"position\":2,\"name\":\"Caratteristiche Shiba Inu\"}]},{\"@type\":\"WebSite\",\"@id\":\"https:\/\/allevamentodellaregina.it\/#website\",\"url\":\"https:\/\/allevamentodellaregina.it\/\",\"name\":\"Allevamento Della Regina Golden Retriever Americano &amp; Shiba Inu\",\"description\":\"Allevamento Golden Retriever Americano &amp; Shiba Inu\",\"publisher\":{\"@id\":\"https:\/\/allevamentodellaregina.it\/#organization\"},\"potentialAction\":[{\"@type\":\"SearchAction\",\"target\":{\"@type\":\"EntryPoint\",\"urlTemplate\":\"https:\/\/allevamentodellaregina.it\/?s={search_term_string}\"},\"query-input\":{\"@type\":\"PropertyValueSpecification\",\"valueRequired\":true,\"valueName\":\"search_term_string\"}}],\"inLanguage\":\"en-US\"},{\"@type\":\"Organization\",\"@id\":\"https:\/\/allevamentodellaregina.it\/#organization\",\"name\":\"Allevamento Della Regina\",\"alternateName\":\"Allevamento Della Regina\",\"url\":\"https:\/\/allevamentodellaregina.it\/\",\"logo\":{\"@type\":\"ImageObject\",\"inLanguage\":\"en-US\",\"@id\":\"https:\/\/allevamentodellaregina.it\/#\/schema\/logo\/image\/\",\"url\":\"https:\/\/allevamentodellaregina.it\/wp-content\/uploads\/2022\/08\/akai-senshi-allevamento-shiba-inu-golden-retriever-italia.png\",\"contentUrl\":\"https:\/\/allevamentodellaregina.it\/wp-content\/uploads\/2022\/08\/akai-senshi-allevamento-shiba-inu-golden-retriever-italia.png\",\"width\":1114,\"height\":201,\"caption\":\"Allevamento Della Regina\"},\"image\":{\"@id\":\"https:\/\/allevamentodellaregina.it\/#\/schema\/logo\/image\/\"},\"sameAs\":[\"https:\/\/www.facebook.com\/profile.php?id=100063862758647\",\"https:\/\/www.instagram.com\/american_golden_shiba_inu\/\",\"https:\/\/www.tiktok.com\/@akaisenshigoldenshiba\"]}]}<\/script>\n<!-- \/ Yoast SEO plugin. -->","yoast_head_json":{"title":"Caratteristiche Shiba Inu | Cuccioli Allevamento della Regina Rimini","description":"Lo Shiba Inu ha una forte personalit\u00e0, dotata di grande capacit\u00e0 decisionale e indipendenza. Scopri di pi\u00f9 sui nostri cuccioli di Shiba Inu!","robots":{"index":"index","follow":"follow","max-snippet":"max-snippet:-1","max-image-preview":"max-image-preview:large","max-video-preview":"max-video-preview:-1"},"canonical":"https:\/\/allevamentodellaregina.it\/en\/caratteristiche-shiba-inu\/","og_locale":"en_US","og_type":"article","og_title":"Caratteristiche Shiba Inu | Cuccioli Allevamento della Regina Rimini","og_description":"Lo Shiba Inu ha una forte personalit\u00e0, dotata di grande capacit\u00e0 decisionale e indipendenza. Scopri di pi\u00f9 sui nostri cuccioli di Shiba Inu!","og_url":"https:\/\/allevamentodellaregina.it\/en\/caratteristiche-shiba-inu\/","og_site_name":"Allevamento Della Regina Golden Retriever Americano &amp; Shiba Inu","article_publisher":"https:\/\/www.facebook.com\/profile.php?id=100063862758647","article_modified_time":"2024-11-28T14:29:46+00:00","og_image":[{"width":1800,"height":800,"url":"https:\/\/allevamentodellaregina.it\/wp-content\/uploads\/2022\/10\/shiba-inu-akai-senshi.jpg","type":"image\/jpeg"}],"twitter_card":"summary_large_image","twitter_misc":{"Est. reading time":"2 minutes"},"schema":{"@context":"https:\/\/schema.org","@graph":[{"@type":"WebPage","@id":"https:\/\/allevamentodellaregina.it\/caratteristiche-shiba-inu\/","url":"https:\/\/allevamentodellaregina.it\/caratteristiche-shiba-inu\/","name":"Caratteristiche Shiba Inu | Cuccioli Allevamento della Regina Rimini","isPartOf":{"@id":"https:\/\/allevamentodellaregina.it\/#website"},"primaryImageOfPage":{"@id":"https:\/\/allevamentodellaregina.it\/caratteristiche-shiba-inu\/#primaryimage"},"image":{"@id":"https:\/\/allevamentodellaregina.it\/caratteristiche-shiba-inu\/#primaryimage"},"thumbnailUrl":"https:\/\/allevamentodellaregina.it\/wp-content\/uploads\/2022\/10\/shiba-inu-akai-senshi.jpg","datePublished":"2022-08-18T13:01:19+00:00","dateModified":"2024-11-28T14:29:46+00:00","description":"Lo Shiba Inu ha una forte personalit\u00e0, dotata di grande capacit\u00e0 decisionale e indipendenza. Scopri di pi\u00f9 sui nostri cuccioli di Shiba Inu!","breadcrumb":{"@id":"https:\/\/allevamentodellaregina.it\/caratteristiche-shiba-inu\/#breadcrumb"},"inLanguage":"en-US","potentialAction":[{"@type":"ReadAction","target":["https:\/\/allevamentodellaregina.it\/caratteristiche-shiba-inu\/"]}]},{"@type":"ImageObject","inLanguage":"en-US","@id":"https:\/\/allevamentodellaregina.it\/caratteristiche-shiba-inu\/#primaryimage","url":"https:\/\/allevamentodellaregina.it\/wp-content\/uploads\/2022\/10\/shiba-inu-akai-senshi.jpg","contentUrl":"https:\/\/allevamentodellaregina.it\/wp-content\/uploads\/2022\/10\/shiba-inu-akai-senshi.jpg","width":1800,"height":800},{"@type":"BreadcrumbList","@id":"https:\/\/allevamentodellaregina.it\/caratteristiche-shiba-inu\/#breadcrumb","itemListElement":[{"@type":"ListItem","position":1,"name":"Home","item":"https:\/\/allevamentodellaregina.it\/"},{"@type":"ListItem","position":2,"name":"Caratteristiche Shiba Inu"}]},{"@type":"WebSite","@id":"https:\/\/allevamentodellaregina.it\/#website","url":"https:\/\/allevamentodellaregina.it\/","name":"Allevamento Della Regina Golden Retriever Americano &amp; Shiba Inu","description":"Allevamento Golden Retriever Americano &amp; Shiba Inu","publisher":{"@id":"https:\/\/allevamentodellaregina.it\/#organization"},"potentialAction":[{"@type":"SearchAction","target":{"@type":"EntryPoint","urlTemplate":"https:\/\/allevamentodellaregina.it\/?s={search_term_string}"},"query-input":{"@type":"PropertyValueSpecification","valueRequired":true,"valueName":"search_term_string"}}],"inLanguage":"en-US"},{"@type":"Organization","@id":"https:\/\/allevamentodellaregina.it\/#organization","name":"Allevamento Della Regina","alternateName":"Allevamento Della Regina","url":"https:\/\/allevamentodellaregina.it\/","logo":{"@type":"ImageObject","inLanguage":"en-US","@id":"https:\/\/allevamentodellaregina.it\/#\/schema\/logo\/image\/","url":"https:\/\/allevamentodellaregina.it\/wp-content\/uploads\/2022\/08\/akai-senshi-allevamento-shiba-inu-golden-retriever-italia.png","contentUrl":"https:\/\/allevamentodellaregina.it\/wp-content\/uploads\/2022\/08\/akai-senshi-allevamento-shiba-inu-golden-retriever-italia.png","width":1114,"height":201,"caption":"Allevamento Della Regina"},"image":{"@id":"https:\/\/allevamentodellaregina.it\/#\/schema\/logo\/image\/"},"sameAs":["https:\/\/www.facebook.com\/profile.php?id=100063862758647","https:\/\/www.instagram.com\/american_golden_shiba_inu\/","https:\/\/www.tiktok.com\/@akaisenshigoldenshiba"]}]}},"_links":{"self":[{"href":"https:\/\/allevamentodellaregina.it\/en\/wp-json\/wp\/v2\/pages\/629"}],"collection":[{"href":"https:\/\/allevamentodellaregina.it\/en\/wp-json\/wp\/v2\/pages"}],"about":[{"href":"https:\/\/allevamentodellaregina.it\/en\/wp-json\/wp\/v2\/types\/page"}],"author":[{"embeddable":true,"href":"https:\/\/allevamentodellaregina.it\/en\/wp-json\/wp\/v2\/users\/1"}],"replies":[{"embeddable":true,"href":"https:\/\/allevamentodellaregina.it\/en\/wp-json\/wp\/v2\/comments?post=629"}],"version-history":[{"count":1,"href":"https:\/\/allevamentodellaregina.it\/en\/wp-json\/wp\/v2\/pages\/629\/revisions"}],"predecessor-version":[{"id":1274,"href":"https:\/\/allevamentodellaregina.it\/en\/wp-json\/wp\/v2\/pages\/629\/revisions\/1274"}],"wp:featuredmedia":[{"embeddable":true,"href":"https:\/\/allevamentodellaregina.it\/en\/wp-json\/wp\/v2\/media\/783"}],"wp:attachment":[{"href":"https:\/\/allevamentodellaregina.it\/en\/wp-json\/wp\/v2\/media?parent=629"}],"curies":[{"name":"wp","href":"https:\/\/api.w.org\/{rel}","templated":true}]}}